{"id":120,"date":"2023-07-10T15:15:20","date_gmt":"2023-07-10T15:15:20","guid":{"rendered":"https:\/\/atetic.ulpgc.es\/InnoEducaTIC\/?page_id=120"},"modified":"2025-10-14T10:03:23","modified_gmt":"2025-10-14T10:03:23","slug":"peticion","status":"publish","type":"page","link":"https:\/\/atetic.ulpgc.es\/InnoEducaTIC\/?page_id=120","title":{"rendered":"Petici\u00f3n de art\u00edculos"},"content":{"rendered":"<p>[et_pb_section fb_built=\u00bb1&#8243; admin_label=\u00bbPricing Table\u00bb _builder_version=\u00bb4.19.0&#8243; _module_preset=\u00bbdefault\u00bb saved_tabs=\u00bball\u00bb collapsed=\u00bbon\u00bb global_colors_info=\u00bb{}\u00bb][et_pb_row _builder_version=\u00bb4.18.0&#8243; _module_preset=\u00bbdefault\u00bb global_colors_info=\u00bb{}\u00bb][et_pb_column type=\u00bb4_4&#8243; _builder_version=\u00bb4.18.0&#8243; _module_preset=\u00bbdefault\u00bb global_colors_info=\u00bb{}\u00bb][et_pb_text _builder_version=\u00bb4.21.0&#8243; _module_preset=\u00bbe6504a1b-67eb-4b3d-b023-bcab277610b6&#8243; header_4_font=\u00bbNunito Sans|900||on|||||\u00bb header_4_text_color=\u00bbgcid-6d7bd22a-fb70-4813-a84e-455e41a87331&#8243; header_4_font_size=\u00bb14px\u00bb header_4_letter_spacing=\u00bb0.1em\u00bb header_4_line_height=\u00bb1.2em\u00bb text_orientation=\u00bbcenter\u00bb custom_margin=\u00bb||0px||false|false\u00bb global_colors_info=\u00bb{%22gcid-6d7bd22a-fb70-4813-a84e-455e41a87331%22:%91%22header_4_text_color%22%93}\u00bb]<\/p>\n<h4>\u00bfC\u00f3mo puedo inscribirme?<\/h4>\n<p>[\/et_pb_text][et_pb_text _builder_version=\u00bb4.19.0&#8243; _module_preset=\u00bbc16985e1-e0d6-4022-964d-e2bfc04fa633&#8243; header_font=\u00bbNunito Sans|900|||||||\u00bb header_font_size=\u00bb72px\u00bb header_line_height=\u00bb1.2em\u00bb text_orientation=\u00bbcenter\u00bb header_font_size_tablet=\u00bb40px\u00bb header_font_size_phone=\u00bb24px\u00bb header_font_size_last_edited=\u00bbon|desktop\u00bb global_colors_info=\u00bb{}\u00bb]<\/p>\n<h1>Petici\u00f3n de art\u00edculos<\/h1>\n<p>[\/et_pb_text][et_pb_divider color=\u00bbgcid-e850ad88-05af-4ed0-bc88-7082de258f33&#8243; divider_weight=\u00bb4px\u00bb _builder_version=\u00bb4.18.0&#8243; _module_preset=\u00bbdefault\u00bb width=\u00bb100px\u00bb module_alignment=\u00bbcenter\u00bb global_colors_info=\u00bb{%22gcid-e850ad88-05af-4ed0-bc88-7082de258f33%22:%91%22color%22%93}\u00bb][\/et_pb_divider][\/et_pb_column][\/et_pb_row][et_pb_row _builder_version=\u00bb4.21.0&#8243; _module_preset=\u00bbdefault\u00bb global_colors_info=\u00bb{}\u00bb][et_pb_column type=\u00bb4_4&#8243; _builder_version=\u00bb4.21.0&#8243; _module_preset=\u00bbdefault\u00bb global_colors_info=\u00bb{}\u00bb][et_pb_tabs _builder_version=\u00bb4.21.0&#8243; _module_preset=\u00bbdefault\u00bb background_color=\u00bbRGBA(255,255,255,0)\u00bb custom_padding=\u00bb|37px||37px||true\u00bb global_colors_info=\u00bb{}\u00bb][et_pb_tab title=\u00bbPetici\u00f3n de art\u00edculos\u00bb _builder_version=\u00bb4.21.0&#8243; _module_preset=\u00bbdefault\u00bb global_colors_info=\u00bb{}\u00bb]<\/p>\n<p><span style=\"color: #666666;\">Se invita docentes, investigadores y profesionales a enviar sus contribuciones en el campo de la Innovaci\u00f3n y la Investigaci\u00f3n Educativa, tanto trabajos originales de investigaci\u00f3n como desarrollos tecnol\u00f3gicos de aplicaciones reales.<\/span><\/p>\n<h4><span style=\"color: #666666;\"><strong>Las principales \u00e1reas tem\u00e1ticas de las jornadas son:<\/strong><\/span><\/h4>\n<p><span style=\"color: #666666;\">1. Metodolog\u00edas docentes<\/span><br \/><span style=\"color: #666666;\">2. Materiales y recursos did\u00e1cticos3. Aprendizaje mediante herramientas TIC<\/span><br \/><span style=\"color: #666666;\">4. Uso de Tecnolog\u00edas para el Aprendizaje y Conocimiento<\/span><br \/><span style=\"color: #666666;\">5. Adquisici\u00f3n de competencias<\/span><br \/><span style=\"color: #666666;\">6. T\u00e9cnicas y Herramientas para la Evaluaci\u00f3n<\/span><br \/><span style=\"color: #666666;\">7. Acci\u00f3n tutorial y mentor\u00eda<\/span><br \/><span style=\"color: #666666;\">8. Integraci\u00f3n y orientaci\u00f3n del estudiante<\/span><br \/><span style=\"color: #666666;\">9. Experiencias de coordinaci\u00f3n y seguimiento<\/span><br \/><span style=\"color: #666666;\">10. Competencias digitales<\/span><br \/><span style=\"color: #666666;\">11. Aplicaciones de la Inteligencia Artificial (IA) en Educaci\u00f3n<\/span><br \/><span style=\"color: #666666;\">12. Otros aspectos de la Innovaci\u00f3n Educativa\u00a0<\/span><\/p>\n<p><span style=\"color: #666666;\"><strong><\/strong><\/span><\/p>\n<h4><span style=\"color: #666666;\"><strong>Las contribuciones se har\u00e1n mediante env\u00edo de un art\u00edculo completo:\u00a0<\/strong><\/span><\/h4>\n<p><strong><em><span style=\"text-decoration: underline;\">Art\u00edculo completo (6-12 p\u00e1ginas) <\/span><\/em><\/strong>\u00a0 Estos deben proporcionar descripciones detalladas de los elementos del trabajo: introducci\u00f3n y revisi\u00f3n de la literatura, metodolog\u00eda de investigaci\u00f3n, an\u00e1lisis y discusi\u00f3n de resultados, conclusiones y recomendaciones, y referencias.\u00a0<\/p>\n<p><span style=\"color: #666666;\"><strong><\/strong><\/span><\/p>\n<h4><strong><span style=\"color: #000000;\">Oportunidades de publicaci\u00f3n:<\/span><\/strong><br \/><span style=\"color: #666666;\"><strong><\/strong><\/span><\/h4>\n<p style=\"text-align: left;\">El Articulo se publicar\u00e1n en el<span style=\"color: #666666;\">\u00a0Libro de Actas del Congreso con ISBN\u00a0 y accesible desde el repositorio institucional de la Universidad de Las Palmas de Gran Canaria (accedaCRIS). Adem\u00e1s se pretende editar un Special Issue de una Revista Internacional con una selecci\u00f3n de los art\u00edculos presentados. Igualmente se seleccionar\u00e1n art\u00edculos para su publicaci\u00f3n en un numero especial de la colecci\u00f3n VIA DOCCENDI de la ULPGC. Se confirmar\u00e1 pr\u00f3ximamente los datos de las Revistas.\u00a0<\/span><\/p>\n<p>&nbsp;<\/p>\n<p><span style=\"color: #666666;\"><\/span><\/p>\n<p><span style=\"color: #e02b20;\"><\/span><\/p>\n<p>[\/et_pb_tab][et_pb_tab title=\u00bbInstrucciones para autores\u00bb _builder_version=\u00bb4.21.0&#8243; _module_preset=\u00bbdefault\u00bb global_colors_info=\u00bb{}\u00bb]<\/p>\n<p><strong>\u00a0Instrucciones para autores<\/strong><\/p>\n<p><span style=\"color: #666666;\"><strong>1<\/strong>. los autores deber\u00e1n<strong> enviar un art\u00edculo completo<\/strong>\u00a0exclusivamente en<span style=\"text-decoration: underline;\"> formato pdf:<\/span>\u00a0<\/span><\/p>\n<p style=\"padding-left: 40px;\"><span style=\"color: #666666;\"><strong><span style=\"text-decoration: underline;\"><em>Art\u00edculo completo<\/em><\/span><\/strong> con una <span style=\"text-decoration: underline;\">extensi\u00f3n minima de 6 p\u00e1ginas y m\u00e1xima de 12 p\u00e1ginas<\/span> (en ingles o espa\u00f1ol) en tama\u00f1o A4. <span style=\"text-decoration: underline;\">Las especificaciones de formato de plantilla que se deber\u00e1n seguir se encuentran m\u00e1s abajo<\/span><\/span><span style=\"color: #666666;\"><strong><em><span style=\"text-decoration: underline;\"><\/span><\/em><\/strong><\/span><\/p>\n<p style=\"padding-left: 40px;\">\n<p><span style=\"color: #666666;\">El documento anterior no incluir\u00e1 cabeceras, ni pie de p\u00e1ginas y tampoco se numerar\u00e1n las p\u00e1ginas.<\/span><\/p>\n<p><span style=\"color: #666666;\"><strong>2.<\/strong> Con el fin de garantizar el sistema de evaluaci\u00f3n por pares de doble ciego, <span style=\"text-decoration: underline;\">es preciso que los autores no indiquen sus respectivos nombres y datos de filiaci\u00f3n en la primera versi\u00f3n del art\u00edculo.<\/span> Los autores <\/span><span style=\"color: #666666;\">deber\u00e1n <span style=\"text-decoration: underline;\">incorporar estos datos s\u00f3lo en la versi\u00f3n fina<\/span>l del documento <span style=\"text-decoration: underline;\">una vez que se haya confirmado su aceptaci\u00f3n<\/span> <span style=\"text-decoration: underline;\">definitiva<\/span>.<\/span><\/p>\n<p><span style=\"color: #666666;\"><strong><em>3.<\/em><\/strong> En el siguiente enlace se puede <em>descargar la plantilla del documento en formato Word para\u00a0 el Articulo Completo\u00a0<\/em><\/span><\/p>\n<p><strong><a href=\"https:\/\/atetic.ulpgc.es\/InnoEducaTIC\/wp-content\/uploads\/2024\/07\/Full_Paper_Template_A4_inno.doc\">\u00a0<em>Plantilla para Articulo Completo (word)<\/em><\/a><\/strong><span style=\"color: #666666;\"><em><\/em><\/span><\/p>\n<p>&nbsp;<\/p>\n<p>&nbsp;<\/p>\n<p>&nbsp;<\/p>\n<p>&nbsp;<\/p>\n<p>[\/et_pb_tab][et_pb_tab title=\u00bbEnv\u00edo de contribuciones online\u00bb _builder_version=\u00bb4.21.0&#8243; _module_preset=\u00bbdefault\u00bb global_colors_info=\u00bb{}\u00bb]<\/p>\n<p><strong><span style=\"color: #000000;\">Env\u00edo de contribuciones en l\u00ednea:\u00a0<\/span><\/strong><\/p>\n<p>Los autores pueden enviar sus comunicaciones para ser evaluadas por los revisores utilizando la plataforma web EasyChair:\u00a0<\/p>\n<p>Para enviar las comunicaciones a trav\u00e9s de esta plataforma use este enlace:\u00a0 <a data-auth=\"NotApplicable\" rel=\"noopener noreferrer\" target=\"_blank\" href=\"https:\/\/easychair.org\/conferences?conf=innoeducatic2025\" data-linkindex=\"1\" title=\"https:\/\/easychair.org\/conferences?conf=innoeducatic2025\" data-olk-copy-source=\"MessageBody\">https:\/\/easychair.org\/conferences?conf=innoeducatic2025<\/a><a href=\"https:\/\/easychair.org\/my\/conference?conf=innoeducatic2024\" style=\"font-size: 14px;\"><\/a><\/p>\n<p>Nota: Si no dispone de cuenta en EasyChair deber\u00e1 crear una la primera vez que acceda a la misma.<\/p>\n<ul><\/ul>\n<p>&nbsp;<\/p>\n<p><span style=\"color: #e02b20;\"><\/span><\/p>\n<p>&nbsp;<\/p>\n<p>[\/et_pb_tab][et_pb_tab title=\u00bbEnv\u00edo de ponencias en v\u00eddeo\u00bb _builder_version=\u00bb4.21.0&#8243; _module_preset=\u00bbdefault\u00bb global_colors_info=\u00bb{}\u00bb]<\/p>\n<p><strong>Env\u00edo de ponencias en v\u00eddeo<\/strong><\/p>\n<p>Con la finalidad de solventar posibles incidencias de conexi\u00f3n a internet durante la presentaci\u00f3n de las comunicaciones que se vayan a realizar de forma telepresencial, estos ponentes deber\u00e1n env\u00eda su presentaci\u00f3n en formato de v\u00eddeo (o enlace de acceso) a la direcci\u00f3n innoeducatic@ulpgc.es antes del d\u00eda 14 de noviembre de 2025<\/p>\n<p>[\/et_pb_tab][\/et_pb_tabs][\/et_pb_column][\/et_pb_row][\/et_pb_section][et_pb_section fb_built=\u00bb1&#8243; admin_label=\u00bbFAQ\u00bb _builder_version=\u00bb4.27.0&#8243; _module_preset=\u00bbdefault\u00bb background_image=\u00bbhttps:\/\/atetic.ulpgc.es\/InnoEducaTIC\/wp-content\/uploads\/2023\/07\/webinar-9.png\u00bb background_size=\u00bbcontain\u00bb background_position=\u00bbbottom_right\u00bb background_horizontal_offset=\u00bb14%\u00bb collapsed=\u00bbon\u00bb global_colors_info=\u00bb{}\u00bb][et_pb_row column_structure=\u00bb1_3,2_3&#8243; _builder_version=\u00bb4.27.0&#8243; _module_preset=\u00bbdefault\u00bb global_colors_info=\u00bb{}\u00bb][et_pb_column type=\u00bb1_3&#8243; _builder_version=\u00bb4.18.0&#8243; _module_preset=\u00bbdefault\u00bb global_colors_info=\u00bb{}\u00bb][et_pb_text _builder_version=\u00bb4.21.0&#8243; _module_preset=\u00bbe6504a1b-67eb-4b3d-b023-bcab277610b6&#8243; header_4_font=\u00bbNunito Sans|900||on|||||\u00bb header_4_text_color=\u00bbgcid-6d7bd22a-fb70-4813-a84e-455e41a87331&#8243; header_4_font_size=\u00bb14px\u00bb header_4_letter_spacing=\u00bb0.1em\u00bb header_4_line_height=\u00bb1.2em\u00bb custom_margin=\u00bb||0px||false|false\u00bb global_colors_info=\u00bb{%22gcid-6d7bd22a-fb70-4813-a84e-455e41a87331%22:%91%22header_4_text_color%22%93}\u00bb]<\/p>\n<h4>\u00a1Apunta!<\/h4>\n<p>[\/et_pb_text][et_pb_text _builder_version=\u00bb4.21.0&#8243; _module_preset=\u00bbb327cbe4-b1d5-4b66-ad37-40c8f2f061ba\u00bb header_2_font=\u00bbNunito Sans|900|||||||\u00bb header_2_font_size=\u00bb48px\u00bb header_2_line_height=\u00bb1.2em\u00bb header_2_font_size_tablet=\u00bb32px\u00bb header_2_font_size_phone=\u00bb20px\u00bb header_2_font_size_last_edited=\u00bbon|desktop\u00bb global_colors_info=\u00bb{}\u00bb]<\/p>\n<h2>Fechas clave<\/h2>\n<p>[\/et_pb_text][et_pb_divider color=\u00bbgcid-e850ad88-05af-4ed0-bc88-7082de258f33&#8243; divider_weight=\u00bb4px\u00bb _builder_version=\u00bb4.18.0&#8243; _module_preset=\u00bbdefault\u00bb width=\u00bb100px\u00bb locked=\u00bboff\u00bb global_colors_info=\u00bb{%22gcid-e850ad88-05af-4ed0-bc88-7082de258f33%22:%91%22color%22%93}\u00bb][\/et_pb_divider][\/et_pb_column][et_pb_column type=\u00bb2_3&#8243; _builder_version=\u00bb4.27.0&#8243; _module_preset=\u00bbdefault\u00bb background_color=\u00bb#FFFFFF\u00bb custom_padding=\u00bb60px|60px|60px|60px|true|true\u00bb custom_padding_tablet=\u00bb30px|30px|30px|30px|true|true\u00bb custom_padding_phone=\u00bb20px|20px|20px|20px|true|true\u00bb custom_padding_last_edited=\u00bbon|tablet\u00bb box_shadow_style=\u00bbpreset1&#8243; box_shadow_horizontal=\u00bb8px\u00bb box_shadow_vertical=\u00bb14px\u00bb box_shadow_blur=\u00bb80px\u00bb box_shadow_color=\u00bbrgba(24,4,58,0.1)\u00bb global_colors_info=\u00bb{%22gcid-acbd5969-9d5f-4bea-a694-e0e16adbbd29%22:%91%22button_text_color%22%93,%22gcid-4d171f29-f5cf-4a1b-99b0-2dc43983beb9%22:%91%22border_color_all%22,%22border_color_all%22%93,%22gcid-e850ad88-05af-4ed0-bc88-7082de258f33%22:%91%22button_bg_color%22%93}\u00bb][et_pb_accordion open_toggle_background_color=\u00bbRGBA(255,255,255,0)\u00bb closed_toggle_background_color=\u00bbRGBA(255,255,255,0)\u00bb icon_color=\u00bbRGBA(255,255,255,0)\u00bb _builder_version=\u00bb4.27.0&#8243; _module_preset=\u00bb4a37e80b-86b7-44a7-857c-958e53f19517&#8243; toggle_text_color=\u00bb#292466&#8243; toggle_font=\u00bbNunito Sans|900|||||||\u00bb toggle_font_size=\u00bb18px\u00bb toggle_line_height=\u00bb1.2em\u00bb body_font=\u00bbPT Sans||||||||\u00bb body_text_color=\u00bb#292466&#8243; body_line_height=\u00bb1.4em\u00bb toggle_font_size_tablet=\u00bb16px\u00bb toggle_font_size_phone=\u00bb15px\u00bb toggle_font_size_last_edited=\u00bbon|desktop\u00bb border_width_all=\u00bb0px\u00bb border_color_all=\u00bb#423c93&#8243; border_width_bottom=\u00bb1px\u00bb locked=\u00bboff\u00bb global_colors_info=\u00bb{%22gcid-4d171f29-f5cf-4a1b-99b0-2dc43983beb9%22:%91%22border_color_all%22%93,%22gcid-acbd5969-9d5f-4bea-a694-e0e16adbbd29%22:%91%22toggle_text_color%22%93}\u00bb][et_pb_accordion_item title=\u00bbFechas importantes (Plazos ampliados)\u00bb open=\u00bbon\u00bb _builder_version=\u00bb4.27.0&#8243; _module_preset=\u00bbdefault\u00bb custom_padding=\u00bb|0px||0px|false|true\u00bb global_colors_info=\u00bb{}\u00bb]<\/p>\n<p><strong>L\u00edmite para la recepci\u00f3n de comunicaciones:<\/strong><\/p>\n<p><span style=\"text-decoration: line-through;\">28 de septiembre de 2025<\/span>\u00a0 <span style=\"text-decoration: line-through;\">12 de octubre de 2025<\/span> \u00a0<span style=\"color: #e02b20;\">17 de octubre de 2025<\/span><\/p>\n<p><strong>Notificaci\u00f3n<\/strong> <strong>de<\/strong> <strong>Aceptaci\u00f3n:<\/strong><\/p>\n<p><span style=\"text-decoration: line-through;\">19 de octubre de 2025<\/span><span style=\"text-decoration: line-through;\">\u00a0 \u00a0<\/span><span style=\"color: #e02b20;\">31 de octubre de 2025<\/span><span style=\"text-decoration: line-through;\"><\/span><\/p>\n<p><strong>Versiones<\/strong> <strong>definitivas<\/strong> <strong>e<\/strong><strong> inscripci\u00f3n:<\/strong><\/p>\n<p><span style=\"text-decoration: line-through;\">26 de octubre de 2025<\/span> <span style=\"color: #e02b20;\">3 de noviembre de 2025<\/span><\/p>\n<p><strong>Celebraci\u00f3n<\/strong> <strong>de<\/strong> <strong>las<\/strong> <strong>Jornadas:<\/strong><\/p>\n<p>19 &#8211; 21 de noviembre de 2025<\/p>\n<p>&nbsp;<\/p>\n<p>[\/et_pb_accordion_item][\/et_pb_accordion][\/et_pb_column][\/et_pb_row][\/et_pb_section]<\/p>\n","protected":false},"excerpt":{"rendered":"<p>\u00bfC\u00f3mo puedo inscribirme?Petici\u00f3n de art\u00edculosSe invita docentes, investigadores y profesionales a enviar sus contribuciones en el campo de la Innovaci\u00f3n y la Investigaci\u00f3n Educativa, tanto trabajos originales de investigaci\u00f3n como desarrollos tecnol\u00f3gicos de aplicaciones reales. Las principales \u00e1reas tem\u00e1ticas de las jornadas son: 1. Metodolog\u00edas docentes2. Materiales y recursos did\u00e1cticos3. Aprendizaje mediante herramientas TIC4. Uso [&hellip;]<\/p>\n","protected":false},"author":1,"featured_media":0,"parent":0,"menu_order":2,"comment_status":"closed","ping_status":"closed","template":"","meta":{"_et_pb_use_builder":"on","_et_pb_old_content":"","_et_gb_content_width":"","footnotes":""},"class_list":["post-120","page","type-page","status-publish","hentry"],"_links":{"self":[{"href":"https:\/\/atetic.ulpgc.es\/InnoEducaTIC\/index.php?rest_route=\/wp\/v2\/pages\/120"}],"collection":[{"href":"https:\/\/atetic.ulpgc.es\/InnoEducaTIC\/index.php?rest_route=\/wp\/v2\/pages"}],"about":[{"href":"https:\/\/atetic.ulpgc.es\/InnoEducaTIC\/index.php?rest_route=\/wp\/v2\/types\/page"}],"author":[{"embeddable":true,"href":"https:\/\/atetic.ulpgc.es\/InnoEducaTIC\/index.php?rest_route=\/wp\/v2\/users\/1"}],"replies":[{"embeddable":true,"href":"https:\/\/atetic.ulpgc.es\/InnoEducaTIC\/index.php?rest_route=%2Fwp%2Fv2%2Fcomments&post=120"}],"version-history":[{"count":35,"href":"https:\/\/atetic.ulpgc.es\/InnoEducaTIC\/index.php?rest_route=\/wp\/v2\/pages\/120\/revisions"}],"predecessor-version":[{"id":654,"href":"https:\/\/atetic.ulpgc.es\/InnoEducaTIC\/index.php?rest_route=\/wp\/v2\/pages\/120\/revisions\/654"}],"wp:attachment":[{"href":"https:\/\/atetic.ulpgc.es\/InnoEducaTIC\/index.php?rest_route=%2Fwp%2Fv2%2Fmedia&parent=120"}],"curies":[{"name":"wp","href":"https:\/\/api.w.org\/{rel}","templated":true}]}}