{"id":135,"date":"2023-07-10T15:43:13","date_gmt":"2023-07-10T15:43:13","guid":{"rendered":"https:\/\/atetic.ulpgc.es\/InnoEducaTIC\/?page_id=135"},"modified":"2023-07-10T16:34:19","modified_gmt":"2023-07-10T16:34:19","slug":"como-llegar","status":"publish","type":"page","link":"https:\/\/atetic.ulpgc.es\/InnoEducaTIC\/?page_id=135","title":{"rendered":"\u00bfC\u00f3mo llegar?"},"content":{"rendered":"<p>[et_pb_section fb_built=\u00bb1&#8243; admin_label=\u00bbHeader\u00bb _builder_version=\u00bb4.19.0&#8243; _module_preset=\u00bbdefault\u00bb background_color=\u00bbgcid-acbd5969-9d5f-4bea-a694-e0e16adbbd29&#8243; overflow-x=\u00bbhidden\u00bb overflow-y=\u00bbhidden\u00bb collapsed=\u00bbon\u00bb global_colors_info=\u00bb{%22gcid-acbd5969-9d5f-4bea-a694-e0e16adbbd29%22:%91%22background_color%22%93}\u00bb][et_pb_row column_structure=\u00bb3_5,2_5&#8243; _builder_version=\u00bb4.19.0&#8243; _module_preset=\u00bbdefault\u00bb global_colors_info=\u00bb{}\u00bb][et_pb_column type=\u00bb3_5&#8243; _builder_version=\u00bb4.19.0&#8243; _module_preset=\u00bbdefault\u00bb z_index=\u00bb10&#8243; global_colors_info=\u00bb{}\u00bb][et_pb_text _builder_version=\u00bb4.19.0&#8243; _module_preset=\u00bbc16985e1-e0d6-4022-964d-e2bfc04fa633&#8243; header_font=\u00bbNunito Sans|900|||||||\u00bb header_font_size=\u00bb72px\u00bb header_line_height=\u00bb1.2em\u00bb background_layout=\u00bbdark\u00bb header_font_size_tablet=\u00bb40px\u00bb header_font_size_phone=\u00bb24px\u00bb header_font_size_last_edited=\u00bbon|desktop\u00bb global_colors_info=\u00bb{}\u00bb]<\/p>\n<h1>Lugar de celebraci\u00f3n<\/h1>\n<p>[\/et_pb_text][et_pb_text _builder_version=\u00bb4.21.0&#8243; _module_preset=\u00bb1f09816e-184e-4ce5-a4cf-b39c52c423ca\u00bb text_font=\u00bbPT Sans||||||||\u00bb text_font_size=\u00bb16px\u00bb text_line_height=\u00bb1.4em\u00bb background_layout=\u00bbdark\u00bb custom_margin=\u00bb|||60px|false|false\u00bb custom_margin_tablet=\u00bb|||0px|false|false\u00bb custom_margin_phone=\u00bb|||0px|false|false\u00bb custom_margin_last_edited=\u00bbon|tablet\u00bb text_font_size_tablet=\u00bb15px\u00bb text_font_size_phone=\u00bb14px\u00bb text_font_size_last_edited=\u00bbon|phone\u00bb header_font_size_tablet=\u00bb55px\u00bb header_font_size_last_edited=\u00bboff|desktop\u00bb locked=\u00bboff\u00bb global_colors_info=\u00bb{}\u00bb]<\/p>\n<p>Las Jornadas se celebrar\u00e1n en el Sal\u00f3n de Actos y en la Sala de Teleense\u00f1anza ubicados en el Pabell\u00f3n A del Edificio de Electr\u00f3nica y Telecomunicaci\u00f3n de la Universidad de Las Palmas de Gran Canaria, ubicado en el Campus Universitario de Tafira.<\/p>\n<p><a href=\"https:\/\/www.google.es\/maps\/place\/28%C2%B004'15.7%22N+15%C2%B027'15.4%22W\/@28.0710264,-15.4553643,470m\/data=!3m2!1e3!4b1!4m6!3m5!1s0x0:0x0!7e2!8m2!3d28.0710239!4d-15.4542701?hl=es&amp;shorturl=1\">Plano del Campus de Tafira de la ULPGC<\/a><br \/><a href=\"https:\/\/www.google.es\/maps\/dir\/Aeropuerto+de+Gran+Canaria\/Escuela+de+Ingenier%C3%ADa+de+Telecomunicaci%C3%B3n+y+Electr%C3%B3nica,+Aulario,+35017+Tafira+Baja,+Las+Palmas\/@28.0215771,-15.4935994,30095m\/data=!3m2!1e3!4b1!4m13!4m12!1m5!1m1!1s0xc40a266c3662d1d:0x824bcf7e159f85d4!2m2!1d-15.3877066!2d27.9331848!1m5!1m1!1s0xc40942b2ce30e0f:0x669e871ecc03c8fd!2m2!1d-15.4538003!2d28.0713516?hl=es\">Para saber como llegar desde el aeropuerto pinchar aqu\u00ed<\/a><\/p>\n<p><em>Otras formas de llegar es a trav\u00e9s de los servicios de Guaguas siguientes:<\/em><\/p>\n<p><strong>Servicio de Guaguas Municipales S.A.<\/strong><\/p>\n<p>L\u00ednea 7: La Plazuela &#8211; Campus Universitario de Tafira<\/p>\n<p>L\u00ednea 25: El Rinc\u00f3n &#8211; San Nicol\u00e1s &#8211; Campus Universitario de Tafira<br \/>L\u00ednea 26: Santa Catalina &#8211; Campus Universitario de Tafira<br \/>L\u00ednea 48: Escaleritas &#8211; Campus Universitario de Tafira<\/p>\n<p><a href=\"https:\/\/www.guaguas.com\/index.php?option=com_content&amp;amp;view=article&amp;amp;id=621&amp;amp;Itemid=93&amp;amp;lang=es\">Horarios y recorrido de estas l\u00edneas<\/a><\/p>\n<p><strong>Servicios de Global Salcai-Utinsa S.A.<\/strong><\/p>\n<p>L\u00ednea 327: Estaci\u00f3n San Telmo &#8211; Campus de Tafira &#8211; Lomo Blanco\u00a0<br \/>L\u00ednea 328: Plaza Manuel Becerra &#8211; Campus de Tafira\u00a0<br \/>L\u00ednea 304: San Telmo &#8211; Tamaraceite &#8211; Campus de Tafira\u00a0<br \/>L\u00ednea 04: El Tablero &#8211; Campus de Tafira\u00a0<br \/>L\u00ednea 11: Ag\u00fcimes &#8211; Campus Universitario\u00a0<br \/>L\u00ednea 26: Telde (San Gregorio) &#8211; Campus de Tafira<\/p>\n<p><a href=\"https:\/\/guaguasglobal.com\/lineas-horarios\/\">Horario y recorrido de estas l\u00edneas<\/a><\/p>\n<p>[\/et_pb_text][\/et_pb_column][et_pb_column type=\u00bb2_5&#8243; _builder_version=\u00bb4.18.0&#8243; _module_preset=\u00bbdefault\u00bb background_color=\u00bbgcid-acbd5969-9d5f-4bea-a694-e0e16adbbd29&#8243; global_colors_info=\u00bb{%22gcid-acbd5969-9d5f-4bea-a694-e0e16adbbd29%22:%91%22background_color%22%93}\u00bb][et_pb_image src=\u00bbhttps:\/\/atetic.ulpgc.es\/InnoEducaTIC\/wp-content\/uploads\/2023\/07\/webinar-21b.png\u00bb title_text=\u00bbwebinar-21b\u00bb _builder_version=\u00bb4.19.0&#8243; _module_preset=\u00bbdefault\u00bb transform_translate=\u00bb40%|-10%\u00bb transform_translate_linked=\u00bboff\u00bb positioning=\u00bbabsolute\u00bb position_origin_a=\u00bbtop_right\u00bb width=\u00bb40%\u00bb global_colors_info=\u00bb{}\u00bb][\/et_pb_image][et_pb_image src=\u00bbhttps:\/\/atetic.ulpgc.es\/InnoEducaTIC\/wp-content\/uploads\/2023\/07\/webinar-7.png\u00bb title_text=\u00bbwebinar-7&#8243; show_bottom_space=\u00bboff\u00bb _builder_version=\u00bb4.19.0&#8243; _module_preset=\u00bbdefault\u00bb transform_translate=\u00bb-60%|30%\u00bb transform_translate_linked=\u00bboff\u00bb positioning=\u00bbabsolute\u00bb position_origin_a=\u00bbbottom_left\u00bb width=\u00bb40%\u00bb global_colors_info=\u00bb{}\u00bb][\/et_pb_image][\/et_pb_column][\/et_pb_row][\/et_pb_section][et_pb_section fb_built=\u00bb1&#8243; admin_label=\u00bbEvent\u00bb _builder_version=\u00bb4.18.0&#8243; _module_preset=\u00bbdefault\u00bb background_color=\u00bbgcid-acbd5969-9d5f-4bea-a694-e0e16adbbd29&#8243; locked=\u00bboff\u00bb collapsed=\u00bbon\u00bb global_colors_info=\u00bb{%22gcid-acbd5969-9d5f-4bea-a694-e0e16adbbd29%22:%91%22background_color%22%93}\u00bb][\/et_pb_section]<\/p>\n","protected":false},"excerpt":{"rendered":"<p>Lugar de celebraci\u00f3nLas Jornadas se celebrar\u00e1n en el Sal\u00f3n de Actos y en la Sala de Teleense\u00f1anza ubicados en el Pabell\u00f3n A del Edificio de Electr\u00f3nica y Telecomunicaci\u00f3n de la Universidad de Las Palmas de Gran Canaria, ubicado en el Campus Universitario de Tafira. Plano del Campus de Tafira de la ULPGCPara saber como llegar [&hellip;]<\/p>\n","protected":false},"author":1,"featured_media":0,"parent":0,"menu_order":7,"comment_status":"closed","ping_status":"closed","template":"","meta":{"_et_pb_use_builder":"on","_et_pb_old_content":"","_et_gb_content_width":"","footnotes":""},"class_list":["post-135","page","type-page","status-publish","hentry"],"_links":{"self":[{"href":"https:\/\/atetic.ulpgc.es\/InnoEducaTIC\/index.php?rest_route=\/wp\/v2\/pages\/135"}],"collection":[{"href":"https:\/\/atetic.ulpgc.es\/InnoEducaTIC\/index.php?rest_route=\/wp\/v2\/pages"}],"about":[{"href":"https:\/\/atetic.ulpgc.es\/InnoEducaTIC\/index.php?rest_route=\/wp\/v2\/types\/page"}],"author":[{"embeddable":true,"href":"https:\/\/atetic.ulpgc.es\/InnoEducaTIC\/index.php?rest_route=\/wp\/v2\/users\/1"}],"replies":[{"embeddable":true,"href":"https:\/\/atetic.ulpgc.es\/InnoEducaTIC\/index.php?rest_route=%2Fwp%2Fv2%2Fcomments&post=135"}],"version-history":[{"count":3,"href":"https:\/\/atetic.ulpgc.es\/InnoEducaTIC\/index.php?rest_route=\/wp\/v2\/pages\/135\/revisions"}],"predecessor-version":[{"id":181,"href":"https:\/\/atetic.ulpgc.es\/InnoEducaTIC\/index.php?rest_route=\/wp\/v2\/pages\/135\/revisions\/181"}],"wp:attachment":[{"href":"https:\/\/atetic.ulpgc.es\/InnoEducaTIC\/index.php?rest_route=%2Fwp%2Fv2%2Fmedia&parent=135"}],"curies":[{"name":"wp","href":"https:\/\/api.w.org\/{rel}","templated":true}]}}