{"id":139,"date":"2023-07-10T15:44:29","date_gmt":"2023-07-10T15:44:29","guid":{"rendered":"https:\/\/atetic.ulpgc.es\/InnoEducaTIC\/?page_id=139"},"modified":"2025-11-13T11:59:17","modified_gmt":"2025-11-13T11:59:17","slug":"comites","status":"publish","type":"page","link":"https:\/\/atetic.ulpgc.es\/InnoEducaTIC\/?page_id=139","title":{"rendered":"Comit\u00e9s"},"content":{"rendered":"<p>[et_pb_section fb_built=\u00bb1&#8243; admin_label=\u00bbHeader\u00bb _builder_version=\u00bb4.19.0&#8243; _module_preset=\u00bbdefault\u00bb background_color=\u00bbgcid-acbd5969-9d5f-4bea-a694-e0e16adbbd29&#8243; overflow-x=\u00bbhidden\u00bb overflow-y=\u00bbhidden\u00bb collapsed=\u00bbon\u00bb global_colors_info=\u00bb{%22gcid-acbd5969-9d5f-4bea-a694-e0e16adbbd29%22:%91%22background_color%22%93}\u00bb][et_pb_row column_structure=\u00bb3_5,2_5&#8243; _builder_version=\u00bb4.21.0&#8243; _module_preset=\u00bbdefault\u00bb global_colors_info=\u00bb{}\u00bb][et_pb_column type=\u00bb3_5&#8243; _builder_version=\u00bb4.19.0&#8243; _module_preset=\u00bbdefault\u00bb z_index=\u00bb10&#8243; global_colors_info=\u00bb{}\u00bb][et_pb_text _builder_version=\u00bb4.19.0&#8243; _module_preset=\u00bbc16985e1-e0d6-4022-964d-e2bfc04fa633&#8243; header_font=\u00bbNunito Sans|900|||||||\u00bb header_font_size=\u00bb72px\u00bb header_line_height=\u00bb1.2em\u00bb background_layout=\u00bbdark\u00bb header_font_size_tablet=\u00bb40px\u00bb header_font_size_phone=\u00bb24px\u00bb header_font_size_last_edited=\u00bbon|desktop\u00bb global_colors_info=\u00bb{}\u00bb]<\/p>\n<h1>Comit\u00e9s<\/h1>\n<p>[\/et_pb_text][et_pb_text _builder_version=\u00bb4.21.0&#8243; _module_preset=\u00bbe6504a1b-67eb-4b3d-b023-bcab277610b6&#8243; header_4_font=\u00bbNunito Sans|900||on|||||\u00bb header_4_text_color=\u00bbgcid-6d7bd22a-fb70-4813-a84e-455e41a87331&#8243; header_4_font_size=\u00bb14px\u00bb header_4_letter_spacing=\u00bb0.1em\u00bb header_4_line_height=\u00bb1.2em\u00bb min_height=\u00bb39.8px\u00bb custom_margin=\u00bb||0px||false|false\u00bb custom_padding=\u00bb0px||34px|||\u00bb global_colors_info=\u00bb{%22gcid-6d7bd22a-fb70-4813-a84e-455e41a87331%22:%91%22header_4_text_color%22%93}\u00bb]<\/p>\n<h4><span style=\"color: #ffffff;\">COMIT\u00c9 ORGANIZADOR<\/span><\/h4>\n<p>[\/et_pb_text][et_pb_text _builder_version=\u00bb4.21.0&#8243; _module_preset=\u00bb1f09816e-184e-4ce5-a4cf-b39c52c423ca\u00bb text_font=\u00bbPT Sans||||||||\u00bb text_font_size=\u00bb16px\u00bb text_line_height=\u00bb1.4em\u00bb background_layout=\u00bbdark\u00bb custom_margin=\u00bb|||60px|false|false\u00bb custom_margin_tablet=\u00bb|||0px|false|false\u00bb custom_margin_phone=\u00bb|||0px|false|false\u00bb custom_margin_last_edited=\u00bbon|tablet\u00bb text_font_size_tablet=\u00bb15px\u00bb text_font_size_phone=\u00bb14px\u00bb text_font_size_last_edited=\u00bbon|phone\u00bb header_font_size_tablet=\u00bb55px\u00bb header_font_size_last_edited=\u00bboff|desktop\u00bb locked=\u00bboff\u00bb global_colors_info=\u00bb{}\u00bb]<\/p>\n<p><strong style=\"font-size: 16px;\"><\/strong><\/p>\n<p><strong style=\"font-size: 16px;\">Presidente:\u00a0 \u00a0 \u00a0 \u00a0 \u00a0 \u00a0 \u00a0 \u00a0 \u00a0 \u00a0 \u00a0 \u00a0 \u00a0 \u00a0 \u00a0 \u00a0 \u00a0 \u00a0 \u00a0 \u00a0 \u00a0 \u00a0 \u00a0 \u00a0 \u00a0 \u00a0 \u00a0 \u00a0 \u00a0 \u00a0 \u00a0 \u00a0<br \/><\/strong><span style=\"font-size: 16px;\">Antonio G. Ravelo Garc\u00eda\u00a0 (ULPGC, Espa\u00f1a)<\/span><\/p>\n<p><span style=\"color: #ffffff;\"><strong>Vice-Presidente:<\/strong><\/span><br \/><span style=\"color: #ffffff;\"> Pedro Manuel Hern\u00e1ndez Castellano (ULPGC, Espa\u00f1a)<\/span><\/p>\n<p><span style=\"color: #ffffff;\"><strong>Secretario:\u00a0 \u00a0 \u00a0 \u00a0 \u00a0 \u00a0 \u00a0 \u00a0 \u00a0 \u00a0 \u00a0 \u00a0 \u00a0 \u00a0 \u00a0 \u00a0 \u00a0 \u00a0 \u00a0 \u00a0 \u00a0 \u00a0 \u00a0 \u00a0 \u00a0 \u00a0 \u00a0 \u00a0 \u00a0 \u00a0 \u00a0<br \/><\/strong><\/span><span style=\"font-size: 16px;\">Jes\u00fas B. Alonso Hern\u00e1ndez (ULPGC, <\/span><span style=\"font-size: 16px;\">Espa\u00f1a)<\/span><span style=\"color: #ffffff;\"><span style=\"font-size: 16px;\"><strong><\/strong><\/span><\/span><\/p>\n<p><span style=\"color: #ffffff;\"><span style=\"font-size: 16px;\"><strong><\/strong><\/span><\/span><\/p>\n<p><span style=\"color: #ffffff;\"><span style=\"font-size: 16px;\"><strong>Vocales\u00a0<\/strong><\/span><\/span><span style=\"font-size: 16px;\">\u00a0 \u00a0 \u00a0\u00a0<\/span><\/p>\n<p><span style=\"font-size: 16px;\">David S\u00e1nchez Rodr\u00edguez (ULPGC, Espa\u00f1a)\u00a0 \u00a0 \u00a0 \u00a0 \u00a0 \u00a0 <br \/><\/span><span style=\"font-size: 16px;\"><\/span><\/p>\n<p><span style=\"font-size: 16px;\">Jos\u00e9 Miguel Canino Rodr\u00edguez\u00a0(ULPGC, Espa\u00f1a)\u00a0<\/span><\/p>\n<p><span style=\"font-size: 16px;\"><span style=\"color: #ffffff;\">Carlos M. Travieso-Gonz\u00e1lez (ULPGC, Espa\u00f1a)<\/span> \u00a0 \u00a0 \u00a0 \u00a0 \u00a0<br \/><\/span><\/p>\n<p>Miriam Mart\u00edn Paciente (ULPGC, Espa\u00f1a)<br \/><span style=\"color: #ffffff;\"><span style=\"font-size: 16px;\"><\/span><\/span><\/p>\n<p>Eduardo Quevedo Gutierrez (ULPGC, Espa\u00f1a)\u00a0<br \/><span style=\"color: #ffffff;\"><span style=\"font-size: 16px;\"><\/span><\/span><\/p>\n<p><span style=\"color: #ffffff;\"><span style=\"font-size: 16px;\">Soraya Garc\u00eda S\u00e1nchez (ULPGC, Espa\u00f1a)\u00a0<\/span><\/span><\/p>\n<p>Eva Mar\u00eda LLorca Afonso (ULPGC, Espa\u00f1a)<span style=\"color: #ffffff;\"><span style=\"font-size: 16px;\"><\/span><\/span><\/p>\n<p><span style=\"background-color: #292466; font-size: 16px;\">Jos\u00e9 Juan Castro S\u00e1nchez (ULPGC, Espa\u00f1a)\u00a0 \u00a0 \u00a0 \u00a0 \u00a0 \u00a0 <\/span><\/p>\n<p><span style=\"font-size: 16px;\">Miguel \u00c1ngel Quintana Su\u00e1rez (ULPGC, Espa\u00f1a)\u00a0 \u00a0 <\/span><\/p>\n<p><span style=\"font-size: 16px;\">Carmen Isabel Luj\u00e1n Garc\u00eda (ULPGC, Espa\u00f1a)<\/span><\/p>\n<p><span style=\"font-size: 16px;\">Jos\u00e9 Radu\u00e1n J\u00e1ber Mohamad (ULPGC, Espa\u00f1a)\u00a0<\/span><\/p>\n<p>Francisco Santana Sarmiento <span style=\"font-size: 16px;\">(ULPGC, Espa\u00f1a)\u00a0<\/span><\/p>\n<p>Jenifer Vaswani Reboso <span style=\"font-size: 16px;\">(ULPGC, Espa\u00f1a)\u00a0<\/span><\/p>\n<p>In\u00e9s Angulo Su\u00e1rez <span style=\"font-size: 16px;\">(ULPGC, Espa\u00f1a)\u00a0<\/span><\/p>\n<p>Annabella Narganes Pineda <span style=\"font-size: 16px;\">(ULPGC, Espa\u00f1a)\u00a0<\/span><\/p>\n<p>Paula Gonz\u00e1lez Su\u00e1rez <span style=\"font-size: 16px;\">(ULPGC, Espa\u00f1a)<\/span><\/p>\n<p><span style=\"font-size: 16px;\">Francisco Carlos Felipe Rodr\u00edguez (ULPGC, Espa\u00f1a)\u00a0<\/span><\/p>\n<p class=\"p1\">\n<p>[\/et_pb_text][et_pb_text _builder_version=\u00bb4.27.0&#8243; _module_preset=\u00bbe6504a1b-67eb-4b3d-b023-bcab277610b6&#8243; header_4_font=\u00bbNunito Sans|900||on|||||\u00bb header_4_text_color=\u00bbgcid-6d7bd22a-fb70-4813-a84e-455e41a87331&#8243; header_4_font_size=\u00bb14px\u00bb header_4_letter_spacing=\u00bb0.1em\u00bb header_4_line_height=\u00bb1.2em\u00bb custom_margin=\u00bb||0px||false|false\u00bb global_colors_info=\u00bb{%22gcid-6d7bd22a-fb70-4813-a84e-455e41a87331%22:%91%22header_4_text_color%22%93}\u00bb]<\/p>\n<h4><span style=\"color: #ffffff;\">COMIT\u00c9 Cient\u00edfico<\/span><\/h4>\n<p>[\/et_pb_text][et_pb_text _builder_version=\u00bb4.21.0&#8243; _module_preset=\u00bb1f09816e-184e-4ce5-a4cf-b39c52c423ca\u00bb text_font=\u00bbPT Sans||||||||\u00bb text_font_size=\u00bb16px\u00bb text_line_height=\u00bb1.4em\u00bb background_layout=\u00bbdark\u00bb min_height=\u00bb5645.6px\u00bb custom_margin=\u00bb-2px|||60px|false|false\u00bb custom_margin_tablet=\u00bb|||0px|false|false\u00bb custom_margin_phone=\u00bb|||0px|false|false\u00bb custom_margin_last_edited=\u00bbon|tablet\u00bb custom_padding=\u00bb1px||||false|false\u00bb text_font_size_tablet=\u00bb15px\u00bb text_font_size_phone=\u00bb14px\u00bb text_font_size_last_edited=\u00bbon|phone\u00bb header_font_size_tablet=\u00bb55px\u00bb header_font_size_last_edited=\u00bboff|desktop\u00bb locked=\u00bboff\u00bb global_colors_info=\u00bb{}\u00bb]<\/p>\n<p>Agust\u00edn S\u00e1nchez Medina<br \/><strong>Universidad de Las Palmas de Gran Canaria (Espa\u00f1a)<\/strong><\/p>\n<p>A\u00edda Mar\u00eda De Vicente Dom\u00ednguez<br \/><strong>Universidad de M\u00e1laga (Espa\u00f1a)<\/strong><\/p>\n<p>Alberto Pedrouzo Ulloa<br \/><strong>Universidad de Vigo (Espa\u00f1a)<\/strong><\/p>\n<p>Alejandro \u00c1lvarez Nobell<br \/><strong>Universidad de M\u00e1laga (Espa\u00f1a)<\/strong><\/p>\n<p>Alejandro Su\u00e1rez-Bonnet<br \/><strong>The Royal Veterinary College (Reino Unido)<\/strong><\/p>\n<p>Alex Fern\u00e1ndez Muerza<br \/><strong>Universidad del Pa\u00eds Vasco (Espa\u00f1a)<\/strong><\/p>\n<p>Almudena Mu\u00f1oz Gallego<br \/><strong>Universidad Complutense de Madrid (Espa\u00f1a)<\/strong><\/p>\n<p>Ana Cano Ram\u00edrez<br \/><strong>Universidad de Las Palmas de Gran Canaria (Espa\u00f1a)<\/strong><\/p>\n<p>Ana Filipa Martins<br \/><strong>Universidade di Algarve (Portugal)<\/strong><\/p>\n<p>Ana Gimeno Sanz<br \/><strong>Universidad Polit\u00e9cnica de Valencia (Espa\u00f1a)<\/strong><\/p>\n<p>Ana Ruth Vidal<br \/><strong>Universidad de Las Palmas de Gran Canaria (Espa\u00f1a)<\/strong><\/p>\n<p>Ana S\u00e1nchez Rodriguez<br \/><strong>Universidad de Vigo (Espa\u00f1a)<\/strong><\/p>\n<p>\u00c1ngel Mario Garc\u00eda Pedrero<br \/><strong>Universidad Polit\u00e9cnica de Madrid (Espa\u00f1a)<\/strong><\/p>\n<p>Antonio Fern\u00e1ndez \u00c1lvarez<br \/><strong>Universidad de Vigo (Espa\u00f1a)<\/strong><\/p>\n<p>Ar\u00e1nzazu Berbey \u00c1lvarez<br \/><strong>Universidad Tecnol\u00f3gica de Panam\u00e1 (Panam\u00e1)<\/strong><\/p>\n<p>Ayose Lomba P\u00e9rez<br \/><strong>Universidad del Atl\u00e1tico Medio (Espa\u00f1a)<\/strong><\/p>\n<p>Beatriz Rodr\u00edguez D\u00edaz<br \/><strong>Universidad de M\u00e1laga (Espa\u00f1a)<\/strong><\/p>\n<p>Carlos Cristian D\u00edaz Santamar\u00eda<br \/><strong>Universidad de Las Palmas de Gran Canaria (Espa\u00f1a)<\/strong><\/p>\n<p>Carlos Ram\u00edrez Casa\u00f1a<br \/><strong>Universidad de Las Palmas de Gran Canaria (Espa\u00f1a)<\/strong><\/p>\n<p>Carmen Luj\u00e1n Garc\u00eda<br \/><strong>Universidad de Las Palmas de Gran Canaria (Espa\u00f1a)<\/strong><\/p>\n<p>Celia Mart\u00edn de Le\u00f3n<br \/><strong>Universidad de Las Palmas de Gran Canaria (Espa\u00f1a)<\/strong><\/p>\n<p>Daniela Cecic Mladinic<br \/><strong>Universidad de Las Palmas de Gran Canaria (Espa\u00f1a)<\/strong><\/p>\n<p>Daniela Musicco Nombela<br \/><strong>Universidad Francisco de Vitoria (Espa\u00f1a)<\/strong><\/p>\n<p>Desiderio Garc\u00eda Almeida<br \/><strong>Universidad de Las Palmas de Gran Canaria (Espa\u00f1a)<\/strong><\/p>\n<p>Dionisio Rodr\u00edguez-Esparrag\u00f3n<br \/><strong>Universidad de Las Palmas de Gran Canaria (Espa\u00f1a)<\/strong><\/p>\n<p>Domingo Marrero Marrero<br \/><strong>Universidad de Las Palmas de Gran Canaria (Espa\u00f1a)<\/strong><\/p>\n<p>Eduardo Quevedo Guti\u00e9rrez<br \/><strong>Universidad de Las Palmas de Gran Canaria (Espa\u00f1a)<\/strong><\/p>\n<p>Elena del Pilar Jim\u00e9nez<br \/><strong>Universidad de M\u00e1laga (Espa\u00f1a)<\/strong><\/p>\n<p>F\u00e1bio Mendon\u00e7a<br \/><strong>Universidade de Lisboa (Portugal)<\/strong><\/p>\n<p>Federico Padr\u00f3n Mart\u00edn<br \/><strong>Universidad de La Laguna (Espa\u00f1a)<\/strong><\/p>\n<p>F\u00e9lix Tobajas Guerrero<br \/><strong>Universidad de Las Palmas de Gran Canaria (Espa\u00f1a)<\/strong><\/p>\n<p>Francisco J. Marcello Ruiz<br \/><strong>Universidad de Las Palmas de Gran Canaria (Espa\u00f1a)<\/strong><\/p>\n<p>Francisco Siles Canales<br \/><strong>Universidad de Costa Rica (Costa Rica)<\/strong><\/p>\n<p>Francisco Vargas Bonilla<br \/><strong>Universidad de Antioqu\u00eda (Colombia)<\/strong><\/p>\n<p>Garc\u00eda Calisaya Francisco<br \/><strong>Universidad Nacional de San Agustin de Arequipa (Per\u00fa)<\/strong><\/p>\n<p>Gema A. Castillo S\u00e1nchez<br \/><strong>Universidad Tecnol\u00f3gica de Panam\u00e1 (Panam\u00e1)<\/strong><\/p>\n<p>Gema Mar\u00eda Lobillo Mora<br \/><strong>Universidad de M\u00e1laga (Espa\u00f1a)<\/strong><\/p>\n<p>Humberto \u00c1lvarez\u00a0Alvarado<br \/><strong>Universidad Tecnol\u00f3gica de Panam\u00e1 (Panam\u00e1)<\/strong><\/p>\n<p>Ignacio Mar\u00edn Garc\u00eda<br \/><strong>Escuela Superior Polit\u00e9cnica del Litoral (Ecuador)<\/strong><\/p>\n<p>Isabel De La Torre Diez<br \/><strong>Universidad de Valladolid (Espa\u00f1a)<\/strong><\/p>\n<p>Javier D\u00f3niz-P\u00e1ez<br \/><strong>Universidad de La Laguna (Espa\u00f1a)<\/strong><\/p>\n<p>Jessica P\u00e9rez-Luzardo D\u00edaz<br \/><strong>Universidad de Las Palmas de Gran Canaria (Espa\u00f1a)<\/strong><\/p>\n<p>Jes\u00fas Balado Fr\u00edas<br \/><strong>Universidad de Vigo (Espa\u00f1a)<\/strong><\/p>\n<p>Jordi Sol\u00e9-Casals<br \/><strong>Universidad de Vic Catalunya (Espa\u00f1a)<\/strong><\/p>\n<p>Jorge Arroyo Hern\u00e1ndez<br \/><strong>Universidad Nacional de Costa Rica (Costa Rica)<\/strong><\/p>\n<p>Jos\u00e9\u00a0 Mar\u00eda Santos Rovira<br \/><strong>Universidad de Las Palmas de Gran Canaria (Espa\u00f1a)<\/strong><\/p>\n<p>Jos\u00e9 Alberto Herrera Meli\u00e1n<br \/><strong>Universidad de Las Palmas de Gran Canaria (Espa\u00f1a)<\/strong><\/p>\n<p>Jos\u00e9 Luis V\u00e1squez N\u00fa\u00f1ez<br \/><strong>Universidad de Costa Rica (Costa Rica)<\/strong><\/p>\n<p>Jos\u00e9 Luis Zamora Manzano<br \/><strong>Universidad de Las Palmas de Gran Canaria (Espa\u00f1a)<\/strong><\/p>\n<p><span style=\"color: #ffffff;\"><a href=\"mailto:jose.rovira@campus.ul.pt\" style=\"color: #ffffff;\">Jos\u00e9 Mar\u00eda Santos Rovira<\/a><\/span><br \/><strong>Universidade de Lisboa (Portugal)<\/strong><\/p>\n<p>Jos\u00e9 Mu\u00f1oz Jim\u00e9nez<br \/><strong>Universidad de M\u00e1laga (Espa\u00f1a)<\/strong><\/p>\n<p>Jose Raduan Jaber Mohamad<br \/><strong>Universidad de Las Palmas de Gran Canaria (Espa\u00f1a)<\/strong><\/p>\n<p>Jose Ramon Velazquez Monzon<br \/><strong>Universidad de Las Palmas de Gran Canaria (Espa\u00f1a)<\/strong><\/p>\n<p>Juana Rosa Su\u00e1rez Robaina<br \/><strong>Universidad de Las Palmas de Gran Canaria (Espa\u00f1a)<\/strong><\/p>\n<p>Leonel Ruiz Miyares<br \/><strong>Centro de Ling\u00fc\u00edstica Aplicada de Santiago de Cuba (Cuba)<\/strong><\/p>\n<p>Luc\u00eda D\u00edaz Vilari\u00f1o<br \/><strong>Universidad de Vigo (Espa\u00f1a)<\/strong><\/p>\n<p>Luis G\u00f3mez-D\u00e9niz<br \/><strong>Universidad de Las Palmas de Gran Canaria (Espa\u00f1a)<\/strong><\/p>\n<p>Luis Manuel Fern\u00e1ndez Mart\u00ednez\u00a0 \u00a0 \u00a0 \u00a0 \u00a0 \u00a0 \u00a0 \u00a0 \u00a0 \u00a0 \u00a0 \u00a0 \u00a0 \u00a0 \u00a0 \u00a0 \u00a0 \u00a0 \u00a0 \u00a0 \u00a0 \u00a0 \u00a0 \u00a0 \u00a0 \u00a0 \u00a0 \u00a0 \u00a0 \u00a0 \u00a0 \u00a0 <strong style=\"font-size: 16px;\">Universidad a Distancia de Madrid (Espa\u00f1a)<\/strong><\/p>\n<p><strong>\u00a0<\/strong><span style=\"font-size: 16px;\">Pilar Romero L\u00f3pez\u00a0 \u00a0 \u00a0 \u00a0 \u00a0 \u00a0 \u00a0 \u00a0 \u00a0 \u00a0 \u00a0 \u00a0 \u00a0 \u00a0 \u00a0 \u00a0 \u00a0 \u00a0 \u00a0 \u00a0 \u00a0 \u00a0 \u00a0 \u00a0 \u00a0 \u00a0 \u00a0 \u00a0 \u00a0 \u00a0 \u00a0 \u00a0 \u00a0 \u00a0 \u00a0 \u00a0 \u00a0 \u00a0 \u00a0 \u00a0 \u00a0 <\/span><strong>Universidad de Las Palmas de Gran Canaria (Espa\u00f1a)<\/strong><\/p>\n<p>M\u00aa Isabel Jim\u00e9nez Serran\u00eda<br \/><strong>Universidad Europea Miguel de Cervantes (Espa\u00f1a)<\/strong><\/p>\n<p>Manuel Medina Molina<br \/><strong>Universidad de Las Palmas de Gran Canaria (Espa\u00f1a)<\/strong><\/p>\n<p>Marcelo Ram\u00edrez \u00c1vila<br \/><strong>Universidad Mayor de San Andr\u00e9s (Bolivia)<\/strong><\/p>\n<p>Maria Carmen Blanco Arana<br \/><strong>Universidad de M\u00e1laga (Espa\u00f1a)<\/strong><\/p>\n<p>Maria Del Cristo Adri\u00e1n De Ganzo<br \/><strong>Universidad de La Laguna (Espa\u00f1a)<\/strong><\/p>\n<p>Maria del Pilar Gonz\u00e1lez de la Rosa<br \/><strong>Universidad de Las Palmas de Gran Canaria (Espa\u00f1a)<\/strong><\/p>\n<p>Mar\u00eda Magnolia Conde de Felipe<br \/><strong>Universidad de Las Palmas de Gran Canaria (Espa\u00f1a)<\/strong><\/p>\n<p>Mario Luis Pumacallahui Pineda<br \/><strong>Universidad Nacional de San Agustin de Arequipa (Per\u00fa)<\/strong><\/p>\n<p>Miguel \u00c1ngel Ferrer Ballester<br \/><strong>Universidad de Las Palmas de Gran Canaria (Espa\u00f1a)<\/strong><\/p>\n<p>Miguel Vizcardo Cornejo<br \/><strong>Universidad Nacional de San Agustin de Arequipa (Per\u00fa)<\/strong><\/p>\n<p>Miren Karmele L\u00f3pez de Ipi\u00f1a<br \/><strong>Universidad del Pa\u00eds Vasco (Espa\u00f1a)<\/strong><\/p>\n<p>Modesto Castrill\u00f3n Santana<br \/><strong>Universidad de Las Palmas de Gran Canaria (Espa\u00f1a)<\/strong><\/p>\n<p>Nelson Monz\u00f3n L\u00f3pez<br \/><strong>CMLA ENS Paris-Saclay (Francia)<\/strong><\/p>\n<p>Neus Lagunas Vila<br \/><strong>Universidade Nova de Lisboa (Portugal)<\/strong><\/p>\n<p>Nora Barroso Moreno<br \/><strong>Universidad del Pa\u00eds Vasco (Espa\u00f1a)<\/strong><\/p>\n<p>Norberto Manuel Ramos Calero<br \/><strong>Universidad de Las Palmas de Gran Canaria (Espa\u00f1a)<\/strong><\/p>\n<p>Patricia Ch\u00e1vez-Burbano<br \/><strong>Escuela Superior Polit\u00e9cnica del Litoral (Ecuador)<\/strong><\/p>\n<p>Pedro Luis Castro Alonso<br \/><strong>Universidad de Las Palmas de Gran Canaria (Espa\u00f1a)<\/strong><\/p>\n<p>Pedro Manuel Hern\u00e1ndez Castellano<br \/><strong>Universidad de Las Palmas de Gran Canaria (Espa\u00f1a)<\/strong><\/p>\n<p>Petra de Sa\u00e1 P\u00e9rez<br \/><strong>Universidad de Las Palmas de Gran Canaria (Espa\u00f1a)<\/strong><\/p>\n<p>Pilar Maria Calvo<br \/><strong>Universidad del Pa\u00eds Vasco (Espa\u00f1a)<\/strong><\/p>\n<p>Rafael Socas<br \/><strong>Telef\u00f3nica (Espa\u00f1a)<\/strong><\/p>\n<p>Ricardo Santana Rodr\u00edguez<br \/><strong>Universidad de Las Palmas de Gran Canaria (Espa\u00f1a)<\/strong><\/p>\n<p>Rodrigo do Esp\u00edrito Santo da Cunha<br \/><strong>Universidad de M\u00e1laga (Espa\u00f1a)<\/strong><\/p>\n<p>Rub\u00e9n Lij\u00f3 S\u00e1nchez<br \/><strong>Vector Producciones S.L (Espa\u00f1a)<\/strong><\/p>\n<p>Ruth Martin\u00f3n Quintero<br \/><strong>Universidad de La Laguna (Espa\u00f1a)<\/strong><\/p>\n<p>Salvador Ben\u00edtez Rodr\u00edguez<br \/><strong>Universidad de Las Palmas de Gran Canaria (Espa\u00f1a)<\/strong><\/p>\n<p>Sof\u00eda Mart\u00edn Gonz\u00e1lez<br \/><strong>Universidad de Las Palmas de Gran Canaria (Espa\u00f1a)<\/strong><\/p>\n<p>St\u00e9phanie Garc\u00eda-Sen\u00edn<br \/><strong>Universitat Oberta de Catalunya (UOC) (Espa\u00f1a)<\/strong><\/p>\n<p>Teresa Gonz\u00e1lez P\u00e9rez<br \/><strong>Universidad de La Laguna (Espa\u00f1a)<\/strong><\/p>\n<p>Vicente Mena Santana<br \/><strong>Universidad de Las Palmas de Gran Canaria (Espa\u00f1a)<\/strong><\/p>\n<p>Xana \u00c1lvarez Berm\u00fadez<br \/><strong>Universidad de Vigo (Espa\u00f1a)<\/strong><\/p>\n<p>Xavier Cufi<br \/><strong>Universitat de Girona (Espa\u00f1a)<\/strong><\/p>\n<p>&nbsp;<\/p>\n<p>[\/et_pb_text][et_pb_text _builder_version=\u00bb4.21.0&#8243; _module_preset=\u00bb1f09816e-184e-4ce5-a4cf-b39c52c423ca\u00bb text_font=\u00bbPT Sans||||||||\u00bb text_font_size=\u00bb16px\u00bb text_line_height=\u00bb1.4em\u00bb background_layout=\u00bbdark\u00bb custom_margin=\u00bb|-512px||60px|false|false\u00bb custom_margin_tablet=\u00bb|||0px|false|false\u00bb custom_margin_phone=\u00bb|||0px|false|false\u00bb custom_margin_last_edited=\u00bbon|tablet\u00bb text_font_size_tablet=\u00bb15px\u00bb text_font_size_phone=\u00bb14px\u00bb text_font_size_last_edited=\u00bbon|phone\u00bb header_font_size_tablet=\u00bb55px\u00bb header_font_size_last_edited=\u00bboff|desktop\u00bb locked=\u00bboff\u00bb global_colors_info=\u00bb{}\u00bb][\/et_pb_text][\/et_pb_column][et_pb_column type=\u00bb2_5&#8243; _builder_version=\u00bb4.18.0&#8243; _module_preset=\u00bbdefault\u00bb background_color=\u00bbgcid-acbd5969-9d5f-4bea-a694-e0e16adbbd29&#8243; global_colors_info=\u00bb{%22gcid-acbd5969-9d5f-4bea-a694-e0e16adbbd29%22:%91%22background_color%22%93}\u00bb][et_pb_image src=\u00bbhttps:\/\/atetic.ulpgc.es\/InnoEducaTIC\/wp-content\/uploads\/2023\/07\/webinar-21b.png\u00bb title_text=\u00bbwebinar-21b\u00bb _builder_version=\u00bb4.19.0&#8243; _module_preset=\u00bbdefault\u00bb transform_translate=\u00bb40%|-10%\u00bb transform_translate_linked=\u00bboff\u00bb positioning=\u00bbabsolute\u00bb position_origin_a=\u00bbtop_right\u00bb width=\u00bb40%\u00bb global_colors_info=\u00bb{}\u00bb][\/et_pb_image][et_pb_image src=\u00bbhttps:\/\/atetic.ulpgc.es\/InnoEducaTIC\/wp-content\/uploads\/2023\/07\/webinar-7.png\u00bb title_text=\u00bbwebinar-7&#8243; show_bottom_space=\u00bboff\u00bb _builder_version=\u00bb4.19.0&#8243; _module_preset=\u00bbdefault\u00bb transform_translate=\u00bb-60%|30%\u00bb transform_translate_linked=\u00bboff\u00bb positioning=\u00bbabsolute\u00bb position_origin_a=\u00bbbottom_left\u00bb width=\u00bb40%\u00bb global_colors_info=\u00bb{}\u00bb][\/et_pb_image][\/et_pb_column][\/et_pb_row][\/et_pb_section][et_pb_section fb_built=\u00bb1&#8243; admin_label=\u00bbFooter\u00bb _builder_version=\u00bb4.18.0&#8243; _module_preset=\u00bbdefault\u00bb background_color=\u00bbgcid-acbd5969-9d5f-4bea-a694-e0e16adbbd29&#8243; custom_padding=\u00bb0px||0px||true|false\u00bb collapsed=\u00bbon\u00bb global_colors_info=\u00bb{%22gcid-acbd5969-9d5f-4bea-a694-e0e16adbbd29%22:%91%22background_color%22%93}\u00bb][\/et_pb_section]<\/p>\n","protected":false},"excerpt":{"rendered":"<p>Comit\u00e9sCOMIT\u00c9 ORGANIZADOR Presidente:\u00a0 \u00a0 \u00a0 \u00a0 \u00a0 \u00a0 \u00a0 \u00a0 \u00a0 \u00a0 \u00a0 \u00a0 \u00a0 \u00a0 \u00a0 \u00a0 \u00a0 \u00a0 \u00a0 \u00a0 \u00a0 \u00a0 \u00a0 \u00a0 \u00a0 \u00a0 \u00a0 \u00a0 \u00a0 \u00a0 \u00a0 \u00a0Antonio G. Ravelo Garc\u00eda\u00a0 (ULPGC, Espa\u00f1a) Vice-Presidente: Pedro Manuel Hern\u00e1ndez Castellano (ULPGC, Espa\u00f1a) Secretario:\u00a0 \u00a0 \u00a0 \u00a0 \u00a0 \u00a0 \u00a0 \u00a0 \u00a0 [&hellip;]<\/p>\n","protected":false},"author":1,"featured_media":0,"parent":0,"menu_order":5,"comment_status":"closed","ping_status":"closed","template":"","meta":{"_et_pb_use_builder":"on","_et_pb_old_content":"","_et_gb_content_width":"","footnotes":""},"class_list":["post-139","page","type-page","status-publish","hentry"],"_links":{"self":[{"href":"https:\/\/atetic.ulpgc.es\/InnoEducaTIC\/index.php?rest_route=\/wp\/v2\/pages\/139"}],"collection":[{"href":"https:\/\/atetic.ulpgc.es\/InnoEducaTIC\/index.php?rest_route=\/wp\/v2\/pages"}],"about":[{"href":"https:\/\/atetic.ulpgc.es\/InnoEducaTIC\/index.php?rest_route=\/wp\/v2\/types\/page"}],"author":[{"embeddable":true,"href":"https:\/\/atetic.ulpgc.es\/InnoEducaTIC\/index.php?rest_route=\/wp\/v2\/users\/1"}],"replies":[{"embeddable":true,"href":"https:\/\/atetic.ulpgc.es\/InnoEducaTIC\/index.php?rest_route=%2Fwp%2Fv2%2Fcomments&post=139"}],"version-history":[{"count":29,"href":"https:\/\/atetic.ulpgc.es\/InnoEducaTIC\/index.php?rest_route=\/wp\/v2\/pages\/139\/revisions"}],"predecessor-version":[{"id":665,"href":"https:\/\/atetic.ulpgc.es\/InnoEducaTIC\/index.php?rest_route=\/wp\/v2\/pages\/139\/revisions\/665"}],"wp:attachment":[{"href":"https:\/\/atetic.ulpgc.es\/InnoEducaTIC\/index.php?rest_route=%2Fwp%2Fv2%2Fmedia&parent=139"}],"curies":[{"name":"wp","href":"https:\/\/api.w.org\/{rel}","templated":true}]}}