{"id":99,"date":"2023-07-10T14:30:17","date_gmt":"2023-07-10T14:30:17","guid":{"rendered":"https:\/\/atetic.ulpgc.es\/InnoEducaTIC\/?page_id=99"},"modified":"2025-10-10T10:10:46","modified_gmt":"2025-10-10T10:10:46","slug":"inscripcion","status":"publish","type":"page","link":"https:\/\/atetic.ulpgc.es\/InnoEducaTIC\/?page_id=99","title":{"rendered":"Inscripci\u00f3n"},"content":{"rendered":"<p>[et_pb_section fb_built=\u00bb1&#8243; admin_label=\u00bbPricing Table\u00bb _builder_version=\u00bb4.19.0&#8243; _module_preset=\u00bbdefault\u00bb saved_tabs=\u00bball\u00bb collapsed=\u00bbon\u00bb global_colors_info=\u00bb{}\u00bb][et_pb_row _builder_version=\u00bb4.18.0&#8243; _module_preset=\u00bbdefault\u00bb global_colors_info=\u00bb{}\u00bb][et_pb_column type=\u00bb4_4&#8243; _builder_version=\u00bb4.18.0&#8243; _module_preset=\u00bbdefault\u00bb global_colors_info=\u00bb{}\u00bb][et_pb_text _builder_version=\u00bb4.21.0&#8243; _module_preset=\u00bbe6504a1b-67eb-4b3d-b023-bcab277610b6&#8243; header_4_font=\u00bbNunito Sans|900||on|||||\u00bb header_4_text_color=\u00bbgcid-6d7bd22a-fb70-4813-a84e-455e41a87331&#8243; header_4_font_size=\u00bb14px\u00bb header_4_letter_spacing=\u00bb0.1em\u00bb header_4_line_height=\u00bb1.2em\u00bb text_orientation=\u00bbcenter\u00bb custom_margin=\u00bb||0px||false|false\u00bb global_colors_info=\u00bb{%22gcid-6d7bd22a-fb70-4813-a84e-455e41a87331%22:%91%22header_4_text_color%22%93}\u00bb]<\/p>\n<h4>\u00bfC\u00f3mo puedo inscribirme?<\/h4>\n<p>[\/et_pb_text][et_pb_text _builder_version=\u00bb4.19.0&#8243; _module_preset=\u00bbc16985e1-e0d6-4022-964d-e2bfc04fa633&#8243; header_font=\u00bbNunito Sans|900|||||||\u00bb header_font_size=\u00bb72px\u00bb header_line_height=\u00bb1.2em\u00bb text_orientation=\u00bbcenter\u00bb header_font_size_tablet=\u00bb40px\u00bb header_font_size_phone=\u00bb24px\u00bb header_font_size_last_edited=\u00bbon|desktop\u00bb global_colors_info=\u00bb{}\u00bb]<\/p>\n<h1>Inscripci\u00f3n<\/h1>\n<p>[\/et_pb_text][et_pb_divider color=\u00bbgcid-e850ad88-05af-4ed0-bc88-7082de258f33&#8243; divider_weight=\u00bb4px\u00bb _builder_version=\u00bb4.18.0&#8243; _module_preset=\u00bbdefault\u00bb width=\u00bb100px\u00bb module_alignment=\u00bbcenter\u00bb global_colors_info=\u00bb{%22gcid-e850ad88-05af-4ed0-bc88-7082de258f33%22:%91%22color%22%93}\u00bb][\/et_pb_divider][\/et_pb_column][\/et_pb_row][\/et_pb_section][et_pb_section fb_built=\u00bb1&#8243; admin_label=\u00bbFAQ\u00bb _builder_version=\u00bb4.19.0&#8243; _module_preset=\u00bbdefault\u00bb background_image=\u00bbhttps:\/\/atetic.ulpgc.es\/InnoEducaTIC\/wp-content\/uploads\/2023\/07\/webinar-9.png\u00bb background_size=\u00bbcontain\u00bb background_position=\u00bbbottom_right\u00bb background_horizontal_offset=\u00bb14%\u00bb collapsed=\u00bbon\u00bb global_colors_info=\u00bb{}\u00bb][et_pb_row column_structure=\u00bb1_3,2_3&#8243; _builder_version=\u00bb4.19.0&#8243; _module_preset=\u00bbdefault\u00bb global_colors_info=\u00bb{}\u00bb][et_pb_column type=\u00bb1_3&#8243; _builder_version=\u00bb4.18.0&#8243; _module_preset=\u00bbdefault\u00bb global_colors_info=\u00bb{}\u00bb][et_pb_text _builder_version=\u00bb4.21.0&#8243; _module_preset=\u00bbb327cbe4-b1d5-4b66-ad37-40c8f2f061ba\u00bb header_2_font=\u00bbNunito Sans|900|||||||\u00bb header_2_font_size=\u00bb48px\u00bb header_2_line_height=\u00bb1.2em\u00bb header_2_font_size_tablet=\u00bb32px\u00bb header_2_font_size_phone=\u00bb20px\u00bb header_2_font_size_last_edited=\u00bbon|desktop\u00bb global_colors_info=\u00bb{}\u00bb]<\/p>\n<h2>Informaci\u00f3n importante<\/h2>\n<p>[\/et_pb_text][et_pb_divider color=\u00bbgcid-e850ad88-05af-4ed0-bc88-7082de258f33&#8243; divider_weight=\u00bb4px\u00bb _builder_version=\u00bb4.18.0&#8243; _module_preset=\u00bbdefault\u00bb width=\u00bb100px\u00bb locked=\u00bboff\u00bb global_colors_info=\u00bb{%22gcid-e850ad88-05af-4ed0-bc88-7082de258f33%22:%91%22color%22%93}\u00bb][\/et_pb_divider][et_pb_text _builder_version=\u00bb4.21.0&#8243; _module_preset=\u00bbe6504a1b-67eb-4b3d-b023-bcab277610b6&#8243; header_4_font=\u00bbNunito Sans|900||on|||||\u00bb header_4_text_color=\u00bbgcid-6d7bd22a-fb70-4813-a84e-455e41a87331&#8243; header_4_font_size=\u00bb14px\u00bb header_4_letter_spacing=\u00bb0.1em\u00bb header_4_line_height=\u00bb1.2em\u00bb custom_margin=\u00bb||0px||false|false\u00bb global_colors_info=\u00bb{%22gcid-6d7bd22a-fb70-4813-a84e-455e41a87331%22:%91%22header_4_text_color%22%93}\u00bb]<\/p>\n<h4><span style=\"font-family: inherit;\">Abierto desde el 10 de octubre hasta el 10 de noviembre de 2025<\/span><\/h4>\n<h4><\/h4>\n<h4><\/h4>\n<p>[\/et_pb_text][\/et_pb_column][et_pb_column type=\u00bb2_3&#8243; _builder_version=\u00bb4.19.0&#8243; _module_preset=\u00bbdefault\u00bb background_color=\u00bb#FFFFFF\u00bb custom_padding=\u00bb60px|60px|60px|60px|true|true\u00bb custom_padding_tablet=\u00bb30px|30px|30px|30px|true|true\u00bb custom_padding_phone=\u00bb20px|20px|20px|20px|true|true\u00bb custom_padding_last_edited=\u00bbon|tablet\u00bb box_shadow_style=\u00bbpreset1&#8243; box_shadow_horizontal=\u00bb8px\u00bb box_shadow_vertical=\u00bb14px\u00bb box_shadow_blur=\u00bb80px\u00bb box_shadow_color=\u00bbrgba(24,4,58,0.1)\u00bb global_colors_info=\u00bb{%22gcid-acbd5969-9d5f-4bea-a694-e0e16adbbd29%22:%91%22button_text_color%22%93,%22gcid-4d171f29-f5cf-4a1b-99b0-2dc43983beb9%22:%91%22border_color_all%22,%22border_color_all%22%93,%22gcid-e850ad88-05af-4ed0-bc88-7082de258f33%22:%91%22button_bg_color%22%93}\u00bb][et_pb_accordion open_toggle_background_color=\u00bbRGBA(255,255,255,0)\u00bb closed_toggle_background_color=\u00bbRGBA(255,255,255,0)\u00bb icon_color=\u00bbRGBA(255,255,255,0)\u00bb _builder_version=\u00bb4.21.0&#8243; _module_preset=\u00bb4a37e80b-86b7-44a7-857c-958e53f19517&#8243; toggle_text_color=\u00bb#292466&#8243; toggle_font=\u00bbNunito Sans|900|||||||\u00bb toggle_font_size=\u00bb18px\u00bb toggle_line_height=\u00bb1.2em\u00bb body_font=\u00bbPT Sans||||||||\u00bb body_text_color=\u00bb#292466&#8243; body_line_height=\u00bb1.4em\u00bb toggle_font_size_tablet=\u00bb16px\u00bb toggle_font_size_phone=\u00bb15px\u00bb toggle_font_size_last_edited=\u00bbon|desktop\u00bb border_width_all=\u00bb0px\u00bb border_color_all=\u00bb#423c93&#8243; border_width_bottom=\u00bb1px\u00bb locked=\u00bboff\u00bb global_colors_info=\u00bb{%22gcid-4d171f29-f5cf-4a1b-99b0-2dc43983beb9%22:%91%22border_color_all%22%93,%22gcid-acbd5969-9d5f-4bea-a694-e0e16adbbd29%22:%91%22toggle_text_color%22%93}\u00bb][et_pb_accordion_item title=\u00bb+ Modos de participaci\u00f3n\u00bb _builder_version=\u00bb4.18.0&#8243; _module_preset=\u00bbdefault\u00bb custom_padding=\u00bb|0px||0px|false|true\u00bb global_colors_info=\u00bb{}\u00bb open=\u00bboff\u00bb]<\/p>\n<p>\u25cf Ponente de una comunicaci\u00f3n previamente aceptada<br \/>\u25cf Asistente<\/p>\n<p>[\/et_pb_accordion_item][et_pb_accordion_item title=\u00bb+ Modalidades de asistencia \u00bb _builder_version=\u00bb4.18.0&#8243; _module_preset=\u00bbdefault\u00bb custom_padding=\u00bb|0px||0px|false|true\u00bb global_colors_info=\u00bb{}\u00bb open=\u00bboff\u00bb]<\/p>\n<p>\u25cf Mixta: presencial \u2013 virtual<br \/>\u25cf S\u00f3lo telepresencial<\/p>\n<p>[\/et_pb_accordion_item][et_pb_accordion_item title=\u00bb+ \u00bfCu\u00e1ntos ponentes deber\u00e1n inscribirse?\u00bb _builder_version=\u00bb4.18.0&#8243; _module_preset=\u00bbdefault\u00bb custom_padding=\u00bb|0px||0px|false|true\u00bb global_colors_info=\u00bb{}\u00bb open=\u00bboff\u00bb]<\/p>\n<p>Al menos un autor\/a de cada comunicaci\u00f3n aceptada deber\u00e1 inscribirse como ponente. El resto<br \/>de autores\/as y el p\u00fablico en general se podr\u00e1 inscribir como asistente sin ponencia.<\/p>\n<p>[\/et_pb_accordion_item][et_pb_accordion_item title=\u00bb+ \u00bfTendr\u00e9 certificado de asistencia?\u00bb _builder_version=\u00bb4.18.0&#8243; _module_preset=\u00bbdefault\u00bb custom_padding=\u00bb|0px||0px|false|true\u00bb global_colors_info=\u00bb{}\u00bb open=\u00bboff\u00bb]<\/p>\n<p>La participaci\u00f3n en las Jornadas ser\u00e1 acreditada mediante certificado de asistencia y certificado<br \/>de presentaci\u00f3n de comunicaci\u00f3n (en su caso).<\/p>\n<p>[\/et_pb_accordion_item][et_pb_accordion_item title=\u00bb+ \u00bfD\u00f3nde se publicar\u00e1n las comunicaciones aceptadas? \u00bb _builder_version=\u00bb4.18.0&#8243; _module_preset=\u00bbdefault\u00bb custom_padding=\u00bb|0px||0px|false|true\u00bb global_colors_info=\u00bb{}\u00bb open=\u00bboff\u00bb]<\/p>\n<p>Un reseumen extendido (Extend Abstract) de las\u00a0 comunicaciones aceptadas se publicar\u00e1n en el libro de actas de las Jornadas el cual estar\u00e1<br \/>accesible para los asistentes. La inscripci\u00f3n a las Jornadas implica por parte de los autores, la<br \/>cesi\u00f3n de los derechos de autor al Comit\u00e9 Cient\u00edfico, para la edici\u00f3n del libro de actas y su<br \/>divulgaci\u00f3n.<\/p>\n<p>&nbsp;<\/p>\n<p>[\/et_pb_accordion_item][et_pb_accordion_item title=\u00bb+ Enlace de inscripci\u00f3n\u00bb open=\u00bbon\u00bb _builder_version=\u00bb4.21.0&#8243; _module_preset=\u00bbdefault\u00bb custom_padding=\u00bb|0px||0px|false|true\u00bb link_option_url_new_window=\u00bbon\u00bb global_colors_info=\u00bb{}\u00bb]<\/p>\n<p class=\"p1\">Podr\u00e1s inscribirte del <span class=\"s1\"><b>10 de octubre al 10 de noviembre<\/b><\/span> a trav\u00e9s del siguiente enlace: <a data-olk-copy-source=\"MessageBody\" data-linkindex=\"0\" title=\"https:\/\/fpctserver.upe.ulpgc.es\/fpctcursos\/matricula.php?curso=FP-0369\" id=\"LPlnkOWA1062180c-9189-fea9-bed5-a2a38c184d77\" data-auth=\"NotApplicable\" rel=\"noopener noreferrer\" target=\"_blank\" href=\"https:\/\/fpctserver.upe.ulpgc.es\/fpctcursos\/matricula.php?curso=FP-0369\">https:\/\/fpctserver.upe.ulpgc.es\/fpctcursos\/matricula.php?curso=FP-0369<\/a>\u00a0<\/p>\n<p>[\/et_pb_accordion_item][et_pb_accordion_item title=\u00bb+ \u00bfC\u00f3mo se podr\u00e1 pagar la inscripci\u00f3n?\u00bb _builder_version=\u00bb4.21.0&#8243; _module_preset=\u00bbdefault\u00bb custom_padding=\u00bb|0px||0px|false|true\u00bb global_colors_info=\u00bb{}\u00bb open=\u00bboff\u00bb]<\/p>\n<p>El pago se podr\u00e1 realizar mediante transferencia bancaria o tarjeta de cr\u00e9dito.<\/p>\n<p>[\/et_pb_accordion_item][et_pb_accordion_item title=\u00bb+ Pol\u00edtica de devoluci\u00f3n\u00bb _builder_version=\u00bb4.21.0&#8243; _module_preset=\u00bbdefault\u00bb custom_padding=\u00bb|0px||0px|false|true\u00bb global_colors_info=\u00bb{}\u00bb open=\u00bboff\u00bb]<\/p>\n<p>El asistente a las jornadas InnoEducaTIC 2025 tiene derecho a la devoluci\u00f3n del importe de la inscripci\u00f3n siempre y cuando la cancelaci\u00f3n se solicite antes del 10 de noviembre de 2025, a trav\u00e9s de un correo electr\u00f3nico enviado a innoeducatic@ulpgc.es. En dicho correo electr\u00f3nico deben constar todos los datos de la inscripci\u00f3n, incluyendo, nombre y apellidos del asistente, fecha de la inscripci\u00f3n, datos de contacto, y n\u00famero y t\u00edtulo de la comunicaci\u00f3n, si procede. Adem\u00e1s, debe indicar en dicho correo electr\u00f3nico el nombre completo del titular de la cuenta y el n\u00famero IBAN. En el caso que la devoluci\u00f3n implique alg\u00fan tipo de gasto adicional, \u00e9ste ser\u00e1 asumido por el asistente.<\/p>\n<p>[\/et_pb_accordion_item][\/et_pb_accordion][\/et_pb_column][\/et_pb_row][et_pb_row _builder_version=\u00bb4.21.0&#8243; _module_preset=\u00bbdefault\u00bb global_colors_info=\u00bb{}\u00bb][et_pb_column type=\u00bb4_4&#8243; _builder_version=\u00bb4.21.0&#8243; _module_preset=\u00bbdefault\u00bb global_colors_info=\u00bb{}\u00bb][et_pb_text _builder_version=\u00bb4.21.0&#8243; _module_preset=\u00bbb327cbe4-b1d5-4b66-ad37-40c8f2f061ba\u00bb header_2_font=\u00bbNunito Sans|900|||||||\u00bb header_2_font_size=\u00bb48px\u00bb header_2_line_height=\u00bb1.2em\u00bb header_2_font_size_tablet=\u00bb32px\u00bb header_2_font_size_phone=\u00bb20px\u00bb header_2_font_size_last_edited=\u00bbon|desktop\u00bb global_colors_info=\u00bb{}\u00bb]<\/p>\n<h2>Cuotas de inscripci\u00f3n<\/h2>\n<p>[\/et_pb_text][et_pb_tabs _builder_version=\u00bb4.21.0&#8243; _module_preset=\u00bbdefault\u00bb background_color=\u00bbRGBA(255,255,255,0)\u00bb global_colors_info=\u00bb{}\u00bb][et_pb_tab title=\u00bbCuotas de inscripci\u00f3n\u00bb _builder_version=\u00bb4.21.0&#8243; _module_preset=\u00bbdefault\u00bb global_colors_info=\u00bb{}\u00bb]<\/p>\n<h4><span style=\"color: #333399;\"><strong>Hasta el 5 de noviembre de 2025<\/strong><\/span><\/h4>\n<p><span style=\"color: #333399;\"><strong><\/strong><\/span><\/p>\n<h4><strong>Modo de participaci\u00f3n<\/strong><\/h4>\n<h6><em><strong>Ponente<\/strong><\/em><\/h6>\n<p><strong>Presencial:<\/strong> <span style=\"color: #e02b20;\">150\u20ac (*)<\/span><br \/><strong>Tele-presencial:<\/strong><span style=\"color: #e02b20;\"> 90\u20ac<\/span><\/p>\n<h6><strong><\/strong><\/h6>\n<h6><em><strong>Asistente sin ponencia<\/strong><\/em><\/h6>\n<p><strong>Presencial:<\/strong> <span style=\"color: #e02b20;\">90 \u20ac (*)<\/span><br \/><strong>Tele-presencial:<\/strong> <span style=\"color: #e02b20;\">55\u20ac<\/span><\/p>\n<p>&nbsp;<\/p>\n<p><img loading=\"lazy\" decoding=\"async\" src=\"https:\/\/atetic.ulpgc.es\/InnoEducaTIC\/wp-content\/uploads\/2023\/07\/webinar-68b-300x117.jpg\" width=\"300\" height=\"117\" alt=\"\" class=\"wp-image-62 alignnone size-medium\" \/><\/p>\n<h4><strong><\/strong><\/h4>\n<h4><strong><\/strong><\/h4>\n<h4><span style=\"color: #333399;\"><strong>Despu\u00e9s del 5 de noviembre\u00a0<\/strong><\/span><\/h4>\n<p><strong>Modo de participaci\u00f3n<\/strong><\/p>\n<h6><strong><\/strong><\/h6>\n<h6><em><strong>Ponente<\/strong><\/em><\/h6>\n<p><strong>Presencial:<\/strong> <span style=\"color: #e02b20;\">225\u20ac (*)<\/span><br \/><strong>Tele-presencial:<\/strong> <span style=\"color: #e02b20;\">195\u20ac<\/span><\/p>\n<h6><em><strong>Asistente sin ponencia<\/strong><\/em><\/h6>\n<p><strong>Presencial:<\/strong> <span style=\"color: #e02b20;\">100\u20ac (*)<\/span><br \/><strong>Tele-presencial:<\/strong> <span style=\"color: #e02b20;\">80\u20ac<\/span><\/p>\n<p><em>(*) Incluye Coffee breaks y almuerzo del 19, 20 y 21 de noviembre.<\/em><\/p>\n<p>[\/et_pb_tab][\/et_pb_tabs][\/et_pb_column][\/et_pb_row][\/et_pb_section]<\/p>\n","protected":false},"excerpt":{"rendered":"<p>\u00bfC\u00f3mo puedo inscribirme?Inscripci\u00f3nInformaci\u00f3n importanteAbierto desde el 10 de octubre hasta el 10 de noviembre de 2025 \u25cf Ponente de una comunicaci\u00f3n previamente aceptada\u25cf Asistente\u25cf Mixta: presencial \u2013 virtual\u25cf S\u00f3lo telepresencialAl menos un autor\/a de cada comunicaci\u00f3n aceptada deber\u00e1 inscribirse como ponente. El restode autores\/as y el p\u00fablico en general se podr\u00e1 inscribir como asistente sin [&hellip;]<\/p>\n","protected":false},"author":1,"featured_media":0,"parent":0,"menu_order":1,"comment_status":"closed","ping_status":"closed","template":"","meta":{"_et_pb_use_builder":"on","_et_pb_old_content":"","_et_gb_content_width":"","footnotes":""},"class_list":["post-99","page","type-page","status-publish","hentry"],"_links":{"self":[{"href":"https:\/\/atetic.ulpgc.es\/InnoEducaTIC\/index.php?rest_route=\/wp\/v2\/pages\/99"}],"collection":[{"href":"https:\/\/atetic.ulpgc.es\/InnoEducaTIC\/index.php?rest_route=\/wp\/v2\/pages"}],"about":[{"href":"https:\/\/atetic.ulpgc.es\/InnoEducaTIC\/index.php?rest_route=\/wp\/v2\/types\/page"}],"author":[{"embeddable":true,"href":"https:\/\/atetic.ulpgc.es\/InnoEducaTIC\/index.php?rest_route=\/wp\/v2\/users\/1"}],"replies":[{"embeddable":true,"href":"https:\/\/atetic.ulpgc.es\/InnoEducaTIC\/index.php?rest_route=%2Fwp%2Fv2%2Fcomments&post=99"}],"version-history":[{"count":31,"href":"https:\/\/atetic.ulpgc.es\/InnoEducaTIC\/index.php?rest_route=\/wp\/v2\/pages\/99\/revisions"}],"predecessor-version":[{"id":651,"href":"https:\/\/atetic.ulpgc.es\/InnoEducaTIC\/index.php?rest_route=\/wp\/v2\/pages\/99\/revisions\/651"}],"wp:attachment":[{"href":"https:\/\/atetic.ulpgc.es\/InnoEducaTIC\/index.php?rest_route=%2Fwp%2Fv2%2Fmedia&parent=99"}],"curies":[{"name":"wp","href":"https:\/\/api.w.org\/{rel}","templated":true}]}}