{"id":3638,"date":"2021-09-09T11:17:16","date_gmt":"2021-09-09T11:17:16","guid":{"rendered":"https:\/\/atetic.ulpgc.es\/?page_id=3638"},"modified":"2021-09-09T11:18:54","modified_gmt":"2021-09-09T11:18:54","slug":"via-docendi","status":"publish","type":"page","link":"https:\/\/atetic.ulpgc.es\/index.php\/via-docendi\/","title":{"rendered":"Via Docendi"},"content":{"rendered":"<div class=\"fusion-fullwidth fullwidth-box fusion-builder-row-1 fusion-flex-container nonhundred-percent-fullwidth non-hundred-percent-height-scrolling\" style=\"background-color: rgba(255,255,255,0);background-position: center center;background-repeat: no-repeat;border-width: 0px 0px 0px 0px;border-color:#eae9e9;border-style:solid;\" ><div class=\"fusion-builder-row fusion-row fusion-flex-align-items-flex-start\" style=\"max-width:1216.8px;margin-left: calc(-4% \/ 2 );margin-right: calc(-4% \/ 2 );\"><div class=\"fusion-layout-column fusion_builder_column fusion-builder-column-0 fusion_builder_column_1_2 1_2 fusion-flex-column\"><div class=\"fusion-column-wrapper fusion-flex-justify-content-flex-start fusion-content-layout-column\" style=\"background-position:left top;background-repeat:no-repeat;-webkit-background-size:cover;-moz-background-size:cover;-o-background-size:cover;background-size:cover;padding: 0px 0px 0px 0px;\"><div class=\"fusion-text fusion-text-1\"><p style=\"letter-spacing: 3px;\">CONOCE<\/p>\n<\/div><style type=\"text\/css\">@media only screen and (max-width:1024px) {.fusion-title.fusion-title-1{margin-top:0px!important; margin-right:!important;margin-bottom:30px!important;margin-left:!important;}}<\/style><div class=\"fusion-title title fusion-title-1 fusion-title-text fusion-title-size-two\" style=\"margin-top:0px;margin-bottom:30px;\"><div class=\"title-sep-container title-sep-container-left fusion-no-large-visibility fusion-no-medium-visibility fusion-no-small-visibility\"><div class=\"title-sep sep-\" style=\"border-color:#e2e2e2;\"><\/div><\/div><span class=\"awb-title-spacer fusion-no-large-visibility fusion-no-medium-visibility fusion-no-small-visibility\"><\/span><h2 class=\"title-heading-left fusion-responsive-typography-calculated\" style=\"margin:0;--fontSize:48;line-height:1.2;\">Via Docendi<\/h2><span class=\"awb-title-spacer\"><\/span><div class=\"title-sep-container title-sep-container-right\"><div class=\"title-sep sep-\" style=\"border-color:#e2e2e2;\"><\/div><\/div><\/div><div ><span class=\" fusion-imageframe imageframe-none imageframe-1 hover-type-none\"><a class=\"fusion-no-lightbox\" href=\"https:\/\/spdc.ulpgc.es\/coleccion\/via-docendi\/\" target=\"_self\" aria-label=\"via_docendi_2\"><img decoding=\"async\" width=\"300\" height=\"235\" src=\"https:\/\/atetic.ulpgc.es\/wp-content\/uploads\/2021\/09\/via_docendi_2.png\" data-orig-src=\"https:\/\/atetic.ulpgc.es\/wp-content\/uploads\/2021\/09\/via_docendi_2-300x235.png\" class=\"lazyload img-responsive wp-image-3641\" srcset=\"data:image\/svg+xml,%3Csvg%20xmlns%3D%27http%3A%2F%2Fwww.w3.org%2F2000%2Fsvg%27%20width%3D%273992%27%20height%3D%273128%27%20viewBox%3D%270%200%203992%203128%27%3E%3Crect%20width%3D%273992%27%20height%3D%273128%27%20fill-opacity%3D%220%22%2F%3E%3C%2Fsvg%3E\" data-srcset=\"https:\/\/atetic.ulpgc.es\/wp-content\/uploads\/2021\/09\/via_docendi_2-200x157.png 200w, https:\/\/atetic.ulpgc.es\/wp-content\/uploads\/2021\/09\/via_docendi_2-400x313.png 400w, https:\/\/atetic.ulpgc.es\/wp-content\/uploads\/2021\/09\/via_docendi_2-600x470.png 600w, https:\/\/atetic.ulpgc.es\/wp-content\/uploads\/2021\/09\/via_docendi_2-800x627.png 800w, https:\/\/atetic.ulpgc.es\/wp-content\/uploads\/2021\/09\/via_docendi_2-1200x940.png 1200w\" data-sizes=\"auto\" data-orig-sizes=\"(max-width: 1024px) 100vw, (max-width: 640px) 100vw, 600px\" \/><\/a><\/span><\/div><\/div><style type=\"text\/css\">.fusion-body .fusion-builder-column-0{width:50% !important;margin-top : 0px;margin-bottom : 20px;}.fusion-builder-column-0 > .fusion-column-wrapper {padding-top : 0px !important;padding-right : 0px !important;margin-right : 5.76%;padding-bottom : 0px !important;padding-left : 0px !important;margin-left : 3.84%;}@media only screen and (max-width:1024px) {.fusion-body .fusion-builder-column-0{width:100% !important;}.fusion-builder-column-0 > .fusion-column-wrapper {margin-right : 1.92%;margin-left : 1.92%;}}@media only screen and (max-width:640px) {.fusion-body .fusion-builder-column-0{width:100% !important;}.fusion-builder-column-0 > .fusion-column-wrapper {margin-right : 1.92%;margin-left : 1.92%;}}<\/style><\/div><div class=\"fusion-layout-column fusion_builder_column fusion-builder-column-1 fusion_builder_column_1_2 1_2 fusion-flex-column\"><div class=\"fusion-column-wrapper fusion-flex-justify-content-flex-start fusion-content-layout-column\" style=\"background-position:left top;background-repeat:no-repeat;-webkit-background-size:cover;-moz-background-size:cover;-o-background-size:cover;background-size:cover;padding: 0px 0px 0px 0px;\"><div class=\"fusion-text fusion-text-2\"><p class=\"p1\">VIA DOCENDI es una colecci\u00f3n internacional que acoge contribuciones originales, innovadoras y con base metodol\u00f3gica en el \u00e1mbito de la ense\u00f1anza con el objetivo de impulsar y difundir experiencias docentes relacionadas con la innovaci\u00f3n y la investigaci\u00f3n educativa.<\/p>\n<p class=\"p1\">Adem\u00e1s, con el objeto de que las publicaciones realizadas en dicha colecci\u00f3n sean consideradas con un reconocimiento de garant\u00eda de calidad cient\u00edfica y editorial, desde su primera edici\u00f3n, la colecci\u00f3n cumplir\u00e1 con los requisitos m\u00ednimos para obtenci\u00f3n del Sello de Calidad en Edici\u00f3n Acad\u00e9mica (CEA\/APQ).<\/p>\n<p class=\"p1\">Con la creaci\u00f3n de esta colecci\u00f3n, el grupo ATETIC pretende fomentar la investigaci\u00f3n cient\u00edfica, maximizar la calidad de las publicaciones y promover la divulgaci\u00f3n y difusi\u00f3n de la innovaci\u00f3n educativa.<\/p>\n<p class=\"p2\"><a href=\"https:\/\/spdc.ulpgc.es\/coleccion\/via-docendi\/\"><b>Accede a m\u00e1s informaci\u00f3n sobre la\u00a0Colecci\u00f3n VIA DOCENDI aqu\u00ed.<\/b><\/a><\/p>\n<\/div><\/div><style type=\"text\/css\">.fusion-body .fusion-builder-column-1{width:50% !important;margin-top : 0px;margin-bottom : 60px;}.fusion-builder-column-1 > .fusion-column-wrapper {padding-top : 0px !important;padding-right : 0px !important;margin-right : 3.84%;padding-bottom : 0px !important;padding-left : 0px !important;margin-left : 5.76%;}@media only screen and (max-width:1024px) {.fusion-body .fusion-builder-column-1{width:100% !important;}.fusion-builder-column-1 > .fusion-column-wrapper {margin-right : 1.92%;margin-left : 1.92%;}}@media only screen and (max-width:640px) {.fusion-body .fusion-builder-column-1{width:100% !important;}.fusion-builder-column-1 > .fusion-column-wrapper {margin-right : 1.92%;margin-left : 1.92%;}}<\/style><\/div><\/div><style type=\"text\/css\">.fusion-body .fusion-flex-container.fusion-builder-row-1{ padding-top : 40px;margin-top : 0px;padding-right : 0px;padding-bottom : 20px;margin-bottom : 0px;padding-left : 0px;}<\/style><\/div>\n","protected":false},"excerpt":{"rendered":"","protected":false},"author":1,"featured_media":0,"parent":0,"menu_order":0,"comment_status":"closed","ping_status":"closed","template":"100-width.php","meta":{"footnotes":""},"class_list":["post-3638","page","type-page","status-publish","hentry"],"_links":{"self":[{"href":"https:\/\/atetic.ulpgc.es\/index.php\/wp-json\/wp\/v2\/pages\/3638","targetHints":{"allow":["GET"]}}],"collection":[{"href":"https:\/\/atetic.ulpgc.es\/index.php\/wp-json\/wp\/v2\/pages"}],"about":[{"href":"https:\/\/atetic.ulpgc.es\/index.php\/wp-json\/wp\/v2\/types\/page"}],"author":[{"embeddable":true,"href":"https:\/\/atetic.ulpgc.es\/index.php\/wp-json\/wp\/v2\/users\/1"}],"replies":[{"embeddable":true,"href":"https:\/\/atetic.ulpgc.es\/index.php\/wp-json\/wp\/v2\/comments?post=3638"}],"version-history":[{"count":2,"href":"https:\/\/atetic.ulpgc.es\/index.php\/wp-json\/wp\/v2\/pages\/3638\/revisions"}],"predecessor-version":[{"id":3642,"href":"https:\/\/atetic.ulpgc.es\/index.php\/wp-json\/wp\/v2\/pages\/3638\/revisions\/3642"}],"wp:attachment":[{"href":"https:\/\/atetic.ulpgc.es\/index.php\/wp-json\/wp\/v2\/media?parent=3638"}],"curies":[{"name":"wp","href":"https:\/\/api.w.org\/{rel}","templated":true}]}}